{"id":31223,"date":"2021-12-13T08:20:16","date_gmt":"2021-12-13T06:20:16","guid":{"rendered":"https:\/\/ddt.lv\/lv\/product\/ramis-4-vietigs-antracits-emos\/"},"modified":"2026-04-14T15:55:32","modified_gmt":"2026-04-14T12:55:32","slug":"ramis-4-vietigs-antracits-emos","status":"publish","type":"product","link":"https:\/\/ddt.lv\/lv\/product\/ramis-4-vietigs-antracits-emos\/","title":{"rendered":"R\u0101mis 4-viet\u012bgs antrac\u012bts EMOS"},"content":{"rendered":"<p>4-viet\u012bgs R\u0101mis.<br \/>\nantrac\u012bta kr\u0101sa.<br \/>\nkastes mont\u0101\u017eas metode.<br \/>\nveids horizont\u0101lai un vertik\u0101lai mont\u0101\u017eai.<\/p>\n<p><\/p>","protected":false},"excerpt":{"rendered":"<p>4-viet\u012bgs R\u0101mis. antrac\u012bta kr\u0101sa. kastes mont\u0101\u017eas metode. veids horizont\u0101lai un vertik\u0101lai mont\u0101\u017eai.<\/p>\n","protected":false},"featured_media":31249,"comment_status":"closed","ping_status":"closed","template":"","meta":{"inline_featured_image":false},"product_cat":[1308],"product_tag":[],"yst_prominent_words":[],"class_list":{"0":"post-31223","1":"product","2":"type-product","3":"status-publish","4":"has-post-thumbnail","6":"product_cat-ramisi","8":"first","9":"instock","10":"taxable","11":"shipping-taxable","12":"purchasable","13":"product-type-simple"},"jetpack_sharing_enabled":true,"_links":{"self":[{"href":"https:\/\/ddt.lv\/lv\/wp-json\/wp\/v2\/product\/31223"}],"collection":[{"href":"https:\/\/ddt.lv\/lv\/wp-json\/wp\/v2\/product"}],"about":[{"href":"https:\/\/ddt.lv\/lv\/wp-json\/wp\/v2\/types\/product"}],"replies":[{"embeddable":true,"href":"https:\/\/ddt.lv\/lv\/wp-json\/wp\/v2\/comments?post=31223"}],"wp:featuredmedia":[{"embeddable":true,"href":"https:\/\/ddt.lv\/lv\/wp-json\/wp\/v2\/media\/31249"}],"wp:attachment":[{"href":"https:\/\/ddt.lv\/lv\/wp-json\/wp\/v2\/media?parent=31223"}],"wp:term":[{"taxonomy":"product_cat","embeddable":true,"href":"https:\/\/ddt.lv\/lv\/wp-json\/wp\/v2\/product_cat?post=31223"},{"taxonomy":"product_tag","embeddable":true,"href":"https:\/\/ddt.lv\/lv\/wp-json\/wp\/v2\/product_tag?post=31223"},{"taxonomy":"yst_prominent_words","embeddable":true,"href":"https:\/\/ddt.lv\/lv\/wp-json\/wp\/v2\/yst_prominent_words?post=31223"}],"curies":[{"name":"wp","href":"https:\/\/api.w.org\/{rel}","templated":true}]}}