{"id":31222,"date":"2021-12-13T08:19:14","date_gmt":"2021-12-13T06:19:14","guid":{"rendered":"https:\/\/ddt.lv\/lv\/product\/led-ball-e14-6w-230v-470lm-2700k-ra96-spuldze-emos-2\/"},"modified":"2026-04-13T09:56:46","modified_gmt":"2026-04-13T06:56:46","slug":"led-ball-e14-6w-230v-470lm-2700k-ra96-spuldze-emos-2","status":"publish","type":"product","link":"https:\/\/ddt.lv\/lv\/product\/led-ball-e14-6w-230v-470lm-2700k-ra96-spuldze-emos-2\/","title":{"rendered":"LED BALL E14 6W 230V 470lm 2700K Ra&gt;96 spuldze EMOS"},"content":{"rendered":"<p>Spuldzes ligzda (tips)<br \/>\nE14.<br \/>\nEner\u0123ijas pat\u0113ri\u0146\u0161<br \/>\n6 W.<br \/>\nVecais ekvivalents<br \/>\n40 W.<br \/>\nGaismas temperat\u016bra<br \/>\n2700 K (warm white).<br \/>\nGaismas atdeve<br \/>\n470 lm.<br \/>\nStara le\u0146\u0137is<br \/>\n250\u00b0<br \/>\nOn\/Off skaits<br \/>\n15 000.<br \/>\nSpuldzes \u00d8<br \/>\n45 mm.<br \/>\nSpuldzes augstums<br \/>\n80 mm.<\/p>","protected":false},"excerpt":{"rendered":"<p>Spuldzes ligzda (tips) E14. Ener\u0123ijas pat\u0113ri\u0146\u0161 6 W. Vecais ekvivalents 40 W. Gaismas temperat\u016bra 2700 K (warm white). Gaismas atdeve 470 lm. Stara le\u0146\u0137is 250\u00b0 On\/Off skaits 15 000. Spuldzes \u00d8 45 mm. Spuldzes augstums 80 mm.<\/p>\n","protected":false},"featured_media":31235,"comment_status":"closed","ping_status":"closed","template":"","meta":{"inline_featured_image":false},"product_cat":[851],"product_tag":[],"yst_prominent_words":[],"class_list":{"0":"post-31222","1":"product","2":"type-product","3":"status-publish","4":"has-post-thumbnail","6":"product_cat-e14-spuldzes","8":"first","9":"instock","10":"taxable","11":"shipping-taxable","12":"purchasable","13":"product-type-simple"},"jetpack_sharing_enabled":true,"_links":{"self":[{"href":"https:\/\/ddt.lv\/lv\/wp-json\/wp\/v2\/product\/31222"}],"collection":[{"href":"https:\/\/ddt.lv\/lv\/wp-json\/wp\/v2\/product"}],"about":[{"href":"https:\/\/ddt.lv\/lv\/wp-json\/wp\/v2\/types\/product"}],"replies":[{"embeddable":true,"href":"https:\/\/ddt.lv\/lv\/wp-json\/wp\/v2\/comments?post=31222"}],"wp:featuredmedia":[{"embeddable":true,"href":"https:\/\/ddt.lv\/lv\/wp-json\/wp\/v2\/media\/31235"}],"wp:attachment":[{"href":"https:\/\/ddt.lv\/lv\/wp-json\/wp\/v2\/media?parent=31222"}],"wp:term":[{"taxonomy":"product_cat","embeddable":true,"href":"https:\/\/ddt.lv\/lv\/wp-json\/wp\/v2\/product_cat?post=31222"},{"taxonomy":"product_tag","embeddable":true,"href":"https:\/\/ddt.lv\/lv\/wp-json\/wp\/v2\/product_tag?post=31222"},{"taxonomy":"yst_prominent_words","embeddable":true,"href":"https:\/\/ddt.lv\/lv\/wp-json\/wp\/v2\/yst_prominent_words?post=31222"}],"curies":[{"name":"wp","href":"https:\/\/api.w.org\/{rel}","templated":true}]}}