{"id":31127,"date":"2021-12-10T11:30:10","date_gmt":"2021-12-10T09:30:10","guid":{"rendered":"https:\/\/ddt.lv\/lv\/product\/projektors-led-laser-zals-zvaigznites-5w-ip44-230v-emos\/"},"modified":"2026-04-13T09:56:29","modified_gmt":"2026-04-13T06:56:29","slug":"projektors-led-laser-zals-zvaigznites-5w-ip44-230v-emos","status":"publish","type":"product","link":"https:\/\/ddt.lv\/lv\/product\/projektors-led-laser-zals-zvaigznites-5w-ip44-230v-emos\/","title":{"rendered":"PROJEKTORS LED Laser za\u013c\u0161 \/zvaigzn\u012btes 5W IP44 230V EMOS"},"content":{"rendered":"<p>l\u0101zers.<br \/>\ngai\u0161i za\u013ca kr\u0101sa.<br \/>\nzvaig\u017e\u0146oto debesu raksts.<br \/>\nizmanto\u0161anai \u0101rpus telp\u0101m un iek\u0161telp\u0101s. projektors.<br \/>\nrot\u0113jo\u0161as gaismas funkcija.<br \/>\nstr\u0101vas tipa t\u012bkla adapteris.<br \/>\niepl\u016bdes garums 3 m.<br \/>\nener\u0123ijas pat\u0113ri\u0146\u0161 5 W.<br \/>\nieejas spriegums 230 V ~.<br \/>\nizejas spriegums 5 V DC.<br \/>\nIP44 aizsardz\u012bba.<\/p>\n<p><\/p>","protected":false},"excerpt":{"rendered":"<p>l\u0101zers. gai\u0161i za\u013ca kr\u0101sa. zvaig\u017e\u0146oto debesu raksts. izmanto\u0161anai \u0101rpus telp\u0101m un iek\u0161telp\u0101s. projektors. rot\u0113jo\u0161as gaismas funkcija. str\u0101vas tipa t\u012bkla adapteris. iepl\u016bdes garums 3 m. ener\u0123ijas pat\u0113ri\u0146\u0161 5 W. ieejas spriegums 230 V ~. izejas spriegums 5 V DC. IP44 aizsardz\u012bba.<\/p>\n","protected":false},"featured_media":31134,"comment_status":"closed","ping_status":"closed","template":"","meta":{"inline_featured_image":false},"product_cat":[914],"product_tag":[],"yst_prominent_words":[],"class_list":{"0":"post-31127","1":"product","2":"type-product","3":"status-publish","4":"has-post-thumbnail","6":"product_cat-ara-dekori-projektori","8":"first","9":"instock","10":"taxable","11":"shipping-taxable","12":"purchasable","13":"product-type-simple"},"jetpack_sharing_enabled":true,"_links":{"self":[{"href":"https:\/\/ddt.lv\/lv\/wp-json\/wp\/v2\/product\/31127"}],"collection":[{"href":"https:\/\/ddt.lv\/lv\/wp-json\/wp\/v2\/product"}],"about":[{"href":"https:\/\/ddt.lv\/lv\/wp-json\/wp\/v2\/types\/product"}],"replies":[{"embeddable":true,"href":"https:\/\/ddt.lv\/lv\/wp-json\/wp\/v2\/comments?post=31127"}],"wp:featuredmedia":[{"embeddable":true,"href":"https:\/\/ddt.lv\/lv\/wp-json\/wp\/v2\/media\/31134"}],"wp:attachment":[{"href":"https:\/\/ddt.lv\/lv\/wp-json\/wp\/v2\/media?parent=31127"}],"wp:term":[{"taxonomy":"product_cat","embeddable":true,"href":"https:\/\/ddt.lv\/lv\/wp-json\/wp\/v2\/product_cat?post=31127"},{"taxonomy":"product_tag","embeddable":true,"href":"https:\/\/ddt.lv\/lv\/wp-json\/wp\/v2\/product_tag?post=31127"},{"taxonomy":"yst_prominent_words","embeddable":true,"href":"https:\/\/ddt.lv\/lv\/wp-json\/wp\/v2\/yst_prominent_words?post=31127"}],"curies":[{"name":"wp","href":"https:\/\/api.w.org\/{rel}","templated":true}]}}