{"id":31109,"date":"2021-12-09T16:30:17","date_gmt":"2021-12-09T14:30:17","guid":{"rendered":"https:\/\/ddt.lv\/lv\/product\/virtene-ziemassvetku-200led-classic-6w-melna-wintage-4m-ip44-taimeris-emos\/"},"modified":"2026-04-01T00:25:28","modified_gmt":"2026-03-31T21:25:28","slug":"virtene-ziemassvetku-200led-classic-6w-melna-wintage-4m-ip44-taimeris-emos","status":"publish","type":"product","link":"https:\/\/ddt.lv\/lv\/product\/virtene-ziemassvetku-200led-classic-6w-melna-wintage-4m-ip44-taimeris-emos\/","title":{"rendered":"Virtene Ziemassv\u0113tku 200LED Classic 6W melna Wintage 4m IP44 Taimeris EMOS"},"content":{"rendered":"<p>gaismas kr\u0101sa: vintage.<br \/>\nstieples kr\u0101sa: melna.<br \/>\nizm\u0113ri: 4 m.<br \/>\niepl\u016bdes garums: 5 m.<br \/>\nLED atstatums: 2 cm.<br \/>\nmateri\u0101ls: PVC.<br \/>\nforma: klasiska.<br \/>\n jauda: 6 W.<br \/>\ntaimeris.<br \/>\nLED skaits: 200.<br \/>\nbaro\u0161anas veids: t\u012bkla adapteris.<br \/>\nizmanto\u0161ana: \u0101r\u0113ja un iek\u0161\u0113ja.<br \/>\nLED izm\u0113rs: 3 mm.<br \/>\nieejas spriegums: 230 V mai\u0146str\u0101va.<br \/>\naizsardz\u012bba: IP44.<\/p>","protected":false},"excerpt":{"rendered":"<p>gaismas kr\u0101sa: vintage. stieples kr\u0101sa: melna. izm\u0113ri: 4 m. iepl\u016bdes garums: 5 m. LED atstatums: 2 cm. materi\u0101ls: PVC. forma: klasiska. jauda: 6 W. taimeris. LED skaits: 200. baro\u0161anas veids: t\u012bkla adapteris. izmanto\u0161ana: \u0101r\u0113ja un iek\u0161\u0113ja. LED izm\u0113rs: 3 mm. ieejas spriegums: 230 V mai\u0146str\u0101va. aizsardz\u012bba: IP44.<\/p>\n","protected":false},"featured_media":31123,"comment_status":"closed","ping_status":"closed","template":"","meta":{"inline_featured_image":false},"product_cat":[772,912],"product_tag":[],"yst_prominent_words":[],"class_list":{"0":"post-31109","1":"product","2":"type-product","3":"status-publish","4":"has-post-thumbnail","6":"product_cat-atlaides","7":"product_cat-ara-virtenes","9":"first","10":"outofstock","11":"sale","12":"taxable","13":"shipping-taxable","14":"purchasable","15":"product-type-simple"},"jetpack_sharing_enabled":true,"_links":{"self":[{"href":"https:\/\/ddt.lv\/lv\/wp-json\/wp\/v2\/product\/31109"}],"collection":[{"href":"https:\/\/ddt.lv\/lv\/wp-json\/wp\/v2\/product"}],"about":[{"href":"https:\/\/ddt.lv\/lv\/wp-json\/wp\/v2\/types\/product"}],"replies":[{"embeddable":true,"href":"https:\/\/ddt.lv\/lv\/wp-json\/wp\/v2\/comments?post=31109"}],"wp:featuredmedia":[{"embeddable":true,"href":"https:\/\/ddt.lv\/lv\/wp-json\/wp\/v2\/media\/31123"}],"wp:attachment":[{"href":"https:\/\/ddt.lv\/lv\/wp-json\/wp\/v2\/media?parent=31109"}],"wp:term":[{"taxonomy":"product_cat","embeddable":true,"href":"https:\/\/ddt.lv\/lv\/wp-json\/wp\/v2\/product_cat?post=31109"},{"taxonomy":"product_tag","embeddable":true,"href":"https:\/\/ddt.lv\/lv\/wp-json\/wp\/v2\/product_tag?post=31109"},{"taxonomy":"yst_prominent_words","embeddable":true,"href":"https:\/\/ddt.lv\/lv\/wp-json\/wp\/v2\/yst_prominent_words?post=31109"}],"curies":[{"name":"wp","href":"https:\/\/api.w.org\/{rel}","templated":true}]}}