{"id":31108,"date":"2021-12-09T16:30:17","date_gmt":"2021-12-09T14:30:17","guid":{"rendered":"https:\/\/ddt.lv\/lv\/product\/ziemassvetku-svecturis-melns-metala-7led-1-35w-ww-ip20-230v-emos\/"},"modified":"2026-04-13T09:56:41","modified_gmt":"2026-04-13T06:56:41","slug":"ziemassvetku-svecturis-melns-metala-7led-1-35w-ww-ip20-230v-emos","status":"publish","type":"product","link":"https:\/\/ddt.lv\/lv\/product\/ziemassvetku-svecturis-melns-metala-7led-1-35w-ww-ip20-230v-emos\/","title":{"rendered":"Ziemassv\u0113tku  SVE\u010cTURIS melns met\u0101la 7LED 1.35W WW IP20 230V  EMOS"},"content":{"rendered":"<p>LED Ziemassv\u0113tku rot\u0101jums EMOS ZY2212 met\u0101la sve\u010dtura veid\u0101 meln\u0101 kr\u0101s\u0101, kas paspilgtin\u0101s atmosf\u0113ru Ziemassv\u0113tku sezon\u0101. \u0160aj\u0101 LED dekor\u0101cij\u0101 ar izm\u0113riem 43 x 8 x 57 cm ir 7 LED gaismas. Str\u0101vas padeve ir standarta no t\u012bkla, izmantojot ieejas spriegumu 230 V ar baro\u0161anas kabe\u013ca garumu 1,5 m. Sve\u010dturis pied\u0101v\u0101 apgaismojumu siltas baltas gaismas veid\u0101. Izmantojiet piem\u0113rotu j\u016bsu m\u0101jas interjer\u0101 ar kalpo\u0161anas laiku l\u012bdz 10 000 stund\u0101m.<\/p>\n<p><\/p>","protected":false},"excerpt":{"rendered":"<p>LED Ziemassv\u0113tku rot\u0101jums EMOS ZY2212 met\u0101la sve\u010dtura veid\u0101 meln\u0101 kr\u0101s\u0101, kas paspilgtin\u0101s atmosf\u0113ru Ziemassv\u0113tku sezon\u0101. \u0160aj\u0101 LED dekor\u0101cij\u0101 ar izm\u0113riem 43 x 8 x 57 cm ir 7 LED gaismas. Str\u0101vas padeve ir standarta no t\u012bkla, izmantojot ieejas spriegumu 230 V ar baro\u0161anas kabe\u013ca garumu 1,5 m. Sve\u010dturis pied\u0101v\u0101 apgaismojumu siltas baltas gaismas veid\u0101. Izmantojiet [&hellip;]<\/p>\n","protected":false},"featured_media":31119,"comment_status":"closed","ping_status":"closed","template":"","meta":{"inline_featured_image":false},"product_cat":[772,913],"product_tag":[],"yst_prominent_words":[],"class_list":{"0":"post-31108","1":"product","2":"type-product","3":"status-publish","4":"has-post-thumbnail","6":"product_cat-atlaides","7":"product_cat-iekstelpu-dekori-led-virtenes-un-dekoracijas","9":"first","10":"instock","11":"sale","12":"taxable","13":"shipping-taxable","14":"purchasable","15":"product-type-simple"},"jetpack_sharing_enabled":true,"_links":{"self":[{"href":"https:\/\/ddt.lv\/lv\/wp-json\/wp\/v2\/product\/31108"}],"collection":[{"href":"https:\/\/ddt.lv\/lv\/wp-json\/wp\/v2\/product"}],"about":[{"href":"https:\/\/ddt.lv\/lv\/wp-json\/wp\/v2\/types\/product"}],"replies":[{"embeddable":true,"href":"https:\/\/ddt.lv\/lv\/wp-json\/wp\/v2\/comments?post=31108"}],"wp:featuredmedia":[{"embeddable":true,"href":"https:\/\/ddt.lv\/lv\/wp-json\/wp\/v2\/media\/31119"}],"wp:attachment":[{"href":"https:\/\/ddt.lv\/lv\/wp-json\/wp\/v2\/media?parent=31108"}],"wp:term":[{"taxonomy":"product_cat","embeddable":true,"href":"https:\/\/ddt.lv\/lv\/wp-json\/wp\/v2\/product_cat?post=31108"},{"taxonomy":"product_tag","embeddable":true,"href":"https:\/\/ddt.lv\/lv\/wp-json\/wp\/v2\/product_tag?post=31108"},{"taxonomy":"yst_prominent_words","embeddable":true,"href":"https:\/\/ddt.lv\/lv\/wp-json\/wp\/v2\/yst_prominent_words?post=31108"}],"curies":[{"name":"wp","href":"https:\/\/api.w.org\/{rel}","templated":true}]}}