{"id":31105,"date":"2021-12-09T16:30:15","date_gmt":"2021-12-09T14:30:15","guid":{"rendered":"https:\/\/ddt.lv\/lv\/product\/dekors-ziemassvetku-majina-koka-12x33cm-8led-0-48w-ip20-2xaa-taimeris-emos\/"},"modified":"2026-04-01T00:16:05","modified_gmt":"2026-03-31T21:16:05","slug":"dekors-ziemassvetku-majina-koka-12x33cm-8led-0-48w-ip20-2xaa-taimeris-emos","status":"publish","type":"product","link":"https:\/\/ddt.lv\/lv\/product\/dekors-ziemassvetku-majina-koka-12x33cm-8led-0-48w-ip20-2xaa-taimeris-emos\/","title":{"rendered":"Dekors Ziemassv\u0113tku M\u0101ji\u0146a koka 12x33cm 8LED 0.48W IP20 2xAA +Taimeris EMOS"},"content":{"rendered":"<p>Ziemassv\u0113tku rot\u0101jums &#8211; koka m\u0101ja. 8 LED .33cm .2xAA .taimeris. silti balts.<\/p>","protected":false},"excerpt":{"rendered":"<p>Ziemassv\u0113tku rot\u0101jums &#8211; koka m\u0101ja. 8 LED .33cm .2xAA .taimeris. silti balts.<\/p>\n","protected":false},"featured_media":31152,"comment_status":"closed","ping_status":"closed","template":"","meta":{"inline_featured_image":false},"product_cat":[772,913],"product_tag":[],"yst_prominent_words":[],"class_list":{"0":"post-31105","1":"product","2":"type-product","3":"status-publish","4":"has-post-thumbnail","6":"product_cat-atlaides","7":"product_cat-iekstelpu-dekori-led-virtenes-un-dekoracijas","9":"first","10":"instock","11":"sale","12":"taxable","13":"shipping-taxable","14":"purchasable","15":"product-type-simple"},"jetpack_sharing_enabled":true,"_links":{"self":[{"href":"https:\/\/ddt.lv\/lv\/wp-json\/wp\/v2\/product\/31105"}],"collection":[{"href":"https:\/\/ddt.lv\/lv\/wp-json\/wp\/v2\/product"}],"about":[{"href":"https:\/\/ddt.lv\/lv\/wp-json\/wp\/v2\/types\/product"}],"replies":[{"embeddable":true,"href":"https:\/\/ddt.lv\/lv\/wp-json\/wp\/v2\/comments?post=31105"}],"wp:featuredmedia":[{"embeddable":true,"href":"https:\/\/ddt.lv\/lv\/wp-json\/wp\/v2\/media\/31152"}],"wp:attachment":[{"href":"https:\/\/ddt.lv\/lv\/wp-json\/wp\/v2\/media?parent=31105"}],"wp:term":[{"taxonomy":"product_cat","embeddable":true,"href":"https:\/\/ddt.lv\/lv\/wp-json\/wp\/v2\/product_cat?post=31105"},{"taxonomy":"product_tag","embeddable":true,"href":"https:\/\/ddt.lv\/lv\/wp-json\/wp\/v2\/product_tag?post=31105"},{"taxonomy":"yst_prominent_words","embeddable":true,"href":"https:\/\/ddt.lv\/lv\/wp-json\/wp\/v2\/yst_prominent_words?post=31105"}],"curies":[{"name":"wp","href":"https:\/\/api.w.org\/{rel}","templated":true}]}}