{"id":31104,"date":"2021-12-09T16:30:15","date_gmt":"2021-12-09T14:30:15","guid":{"rendered":"https:\/\/ddt.lv\/lv\/product\/svecturis-ziemassvetku-5-svecites-15w-peleks-koka-ww-ip20-230v-emos\/"},"modified":"2026-05-05T08:41:48","modified_gmt":"2026-05-05T05:41:48","slug":"svecturis-ziemassvetku-5-svecites-15w-peleks-koka-ww-ip20-230v-emos","status":"publish","type":"product","link":"https:\/\/ddt.lv\/lv\/product\/svecturis-ziemassvetku-5-svecites-15w-peleks-koka-ww-ip20-230v-emos\/","title":{"rendered":"Sve\u010dturis Ziemassv\u0113tku 5 sveces 15W pel\u0113ks\/koka WW IP20 230V EMOS"},"content":{"rendered":"<p>sve\u010dturis.<br \/>\ngaismas kr\u0101sa silti balta.<br \/>\nizm\u0113rs 38 \u00d7 20 cm.<br \/>\nlieto\u0161anai iek\u0161telp\u0101s.<br \/>\niepl\u016bdes garums 1,5 m.<br \/>\nieejas spriegums 230 V mai\u0146str\u0101va.<br \/>\nIP20 aizsardz\u012bba.<\/p>\n<p><\/p>","protected":false},"excerpt":{"rendered":"<p>sve\u010dturis. gaismas kr\u0101sa silti balta. izm\u0113rs 38 \u00d7 20 cm. lieto\u0161anai iek\u0161telp\u0101s. iepl\u016bdes garums 1,5 m. ieejas spriegums 230 V mai\u0146str\u0101va. IP20 aizsardz\u012bba.<\/p>\n","protected":false},"featured_media":31145,"comment_status":"closed","ping_status":"closed","template":"","meta":{"inline_featured_image":false},"product_cat":[772,913],"product_tag":[],"yst_prominent_words":[],"class_list":{"0":"post-31104","1":"product","2":"type-product","3":"status-publish","4":"has-post-thumbnail","6":"product_cat-atlaides","7":"product_cat-iekstelpu-dekori-led-virtenes-un-dekoracijas","9":"first","10":"instock","11":"sale","12":"taxable","13":"shipping-taxable","14":"purchasable","15":"product-type-simple"},"jetpack_sharing_enabled":true,"_links":{"self":[{"href":"https:\/\/ddt.lv\/lv\/wp-json\/wp\/v2\/product\/31104"}],"collection":[{"href":"https:\/\/ddt.lv\/lv\/wp-json\/wp\/v2\/product"}],"about":[{"href":"https:\/\/ddt.lv\/lv\/wp-json\/wp\/v2\/types\/product"}],"replies":[{"embeddable":true,"href":"https:\/\/ddt.lv\/lv\/wp-json\/wp\/v2\/comments?post=31104"}],"wp:featuredmedia":[{"embeddable":true,"href":"https:\/\/ddt.lv\/lv\/wp-json\/wp\/v2\/media\/31145"}],"wp:attachment":[{"href":"https:\/\/ddt.lv\/lv\/wp-json\/wp\/v2\/media?parent=31104"}],"wp:term":[{"taxonomy":"product_cat","embeddable":true,"href":"https:\/\/ddt.lv\/lv\/wp-json\/wp\/v2\/product_cat?post=31104"},{"taxonomy":"product_tag","embeddable":true,"href":"https:\/\/ddt.lv\/lv\/wp-json\/wp\/v2\/product_tag?post=31104"},{"taxonomy":"yst_prominent_words","embeddable":true,"href":"https:\/\/ddt.lv\/lv\/wp-json\/wp\/v2\/yst_prominent_words?post=31104"}],"curies":[{"name":"wp","href":"https:\/\/api.w.org\/{rel}","templated":true}]}}