{"id":31103,"date":"2021-12-09T16:30:14","date_gmt":"2021-12-09T14:30:14","guid":{"rendered":"https:\/\/ddt.lv\/lv\/product\/sadalitajs-ziemassvetku-virtenem-0-5m-emos-2\/"},"modified":"2026-04-13T09:52:02","modified_gmt":"2026-04-13T06:52:02","slug":"sadalitajs-ziemassvetku-virtenem-0-5m-emos-2","status":"publish","type":"product","link":"https:\/\/ddt.lv\/lv\/product\/sadalitajs-ziemassvetku-virtenem-0-5m-emos-2\/","title":{"rendered":"Sadal\u012bt\u0101js Ziemassvetku virten\u0113m 0.5m EMOS"},"content":{"rendered":"<p>Sadal\u012bt\u0101js .<br \/>\nizmanto\u0161anai \u0101rpus telp\u0101m un iek\u0161telp\u0101s.<br \/>\nmaks.piesl\u0113gumu skaits 800 LED.<br \/>\nstieples kr\u0101sa melna.<br \/>\niepl\u016bdes garums 0,5 m.<br \/>\nieejas spriegums 30 V DC.<br \/>\nIP44 aizsardz\u012bba .<\/p>","protected":false},"excerpt":{"rendered":"<p>Sadal\u012bt\u0101js . izmanto\u0161anai \u0101rpus telp\u0101m un iek\u0161telp\u0101s. maks.piesl\u0113gumu skaits 800 LED. stieples kr\u0101sa melna. iepl\u016bdes garums 0,5 m. ieejas spriegums 30 V DC. IP44 aizsardz\u012bba .<\/p>\n","protected":false},"featured_media":31155,"comment_status":"closed","ping_status":"closed","template":"","meta":{"inline_featured_image":false},"product_cat":[912],"product_tag":[],"yst_prominent_words":[],"class_list":{"0":"post-31103","1":"product","2":"type-product","3":"status-publish","4":"has-post-thumbnail","6":"product_cat-ara-virtenes","8":"first","9":"outofstock","10":"taxable","11":"shipping-taxable","12":"purchasable","13":"product-type-simple"},"jetpack_sharing_enabled":true,"_links":{"self":[{"href":"https:\/\/ddt.lv\/lv\/wp-json\/wp\/v2\/product\/31103"}],"collection":[{"href":"https:\/\/ddt.lv\/lv\/wp-json\/wp\/v2\/product"}],"about":[{"href":"https:\/\/ddt.lv\/lv\/wp-json\/wp\/v2\/types\/product"}],"replies":[{"embeddable":true,"href":"https:\/\/ddt.lv\/lv\/wp-json\/wp\/v2\/comments?post=31103"}],"wp:featuredmedia":[{"embeddable":true,"href":"https:\/\/ddt.lv\/lv\/wp-json\/wp\/v2\/media\/31155"}],"wp:attachment":[{"href":"https:\/\/ddt.lv\/lv\/wp-json\/wp\/v2\/media?parent=31103"}],"wp:term":[{"taxonomy":"product_cat","embeddable":true,"href":"https:\/\/ddt.lv\/lv\/wp-json\/wp\/v2\/product_cat?post=31103"},{"taxonomy":"product_tag","embeddable":true,"href":"https:\/\/ddt.lv\/lv\/wp-json\/wp\/v2\/product_tag?post=31103"},{"taxonomy":"yst_prominent_words","embeddable":true,"href":"https:\/\/ddt.lv\/lv\/wp-json\/wp\/v2\/yst_prominent_words?post=31103"}],"curies":[{"name":"wp","href":"https:\/\/api.w.org\/{rel}","templated":true}]}}