{"id":31100,"date":"2021-12-09T16:30:12","date_gmt":"2021-12-09T14:30:12","guid":{"rendered":"https:\/\/ddt.lv\/lv\/product\/led-profi-transformators-balts-12w-ip44-tlv-pults-emos\/"},"modified":"2026-04-13T10:01:20","modified_gmt":"2026-04-13T07:01:20","slug":"led-profi-transformators-balts-12w-ip44-tlv-pults-emos","status":"publish","type":"product","link":"https:\/\/ddt.lv\/lv\/product\/led-profi-transformators-balts-12w-ip44-tlv-pults-emos\/","title":{"rendered":"Baro\u0161anas bloks PROFI un STANDART CONNECT virten\u0113m, balts 12W IP44 +TLV Pults EMOS"},"content":{"rendered":"<p>adapteris.<br \/>\nstandarta \/ profesion\u0101laj\u0101m s\u0113rij\u0101m.<br \/>\ntaimeris .<br \/>\nt\u0101lvad\u012bbas pults (CR2032).<br \/>\nizmanto\u0161anai \u0101rpus telp\u0101m un iek\u0161telp\u0101s.<br \/>\nmaks.piesl\u0113gumu skaits standarta 800 LED \/ profi 500 LED.<\/p>\n<p>ieejas spriegums 230 V mai\u0146str\u0101va.<br \/>\nizejas spriegums 30 V DC.<br \/>\nelektroener\u0123ijas pat\u0113ri\u0146\u0161 12 W.<br \/>\nIP44 aizsardz\u012bba.<\/p>","protected":false},"excerpt":{"rendered":"<p>adapteris. standarta \/ profesion\u0101laj\u0101m s\u0113rij\u0101m. taimeris . t\u0101lvad\u012bbas pults (CR2032). izmanto\u0161anai \u0101rpus telp\u0101m un iek\u0161telp\u0101s. maks.piesl\u0113gumu skaits standarta 800 LED \/ profi 500 LED. ieejas spriegums 230 V mai\u0146str\u0101va. izejas spriegums 30 V DC. elektroener\u0123ijas pat\u0113ri\u0146\u0161 12 W. IP44 aizsardz\u012bba.<\/p>\n","protected":false},"featured_media":31163,"comment_status":"closed","ping_status":"closed","template":"","meta":{"inline_featured_image":false},"product_cat":[912],"product_tag":[],"yst_prominent_words":[],"class_list":{"0":"post-31100","1":"product","2":"type-product","3":"status-publish","4":"has-post-thumbnail","6":"product_cat-ara-virtenes","8":"first","9":"outofstock","10":"taxable","11":"shipping-taxable","12":"purchasable","13":"product-type-simple"},"jetpack_sharing_enabled":true,"_links":{"self":[{"href":"https:\/\/ddt.lv\/lv\/wp-json\/wp\/v2\/product\/31100"}],"collection":[{"href":"https:\/\/ddt.lv\/lv\/wp-json\/wp\/v2\/product"}],"about":[{"href":"https:\/\/ddt.lv\/lv\/wp-json\/wp\/v2\/types\/product"}],"replies":[{"embeddable":true,"href":"https:\/\/ddt.lv\/lv\/wp-json\/wp\/v2\/comments?post=31100"}],"wp:featuredmedia":[{"embeddable":true,"href":"https:\/\/ddt.lv\/lv\/wp-json\/wp\/v2\/media\/31163"}],"wp:attachment":[{"href":"https:\/\/ddt.lv\/lv\/wp-json\/wp\/v2\/media?parent=31100"}],"wp:term":[{"taxonomy":"product_cat","embeddable":true,"href":"https:\/\/ddt.lv\/lv\/wp-json\/wp\/v2\/product_cat?post=31100"},{"taxonomy":"product_tag","embeddable":true,"href":"https:\/\/ddt.lv\/lv\/wp-json\/wp\/v2\/product_tag?post=31100"},{"taxonomy":"yst_prominent_words","embeddable":true,"href":"https:\/\/ddt.lv\/lv\/wp-json\/wp\/v2\/yst_prominent_words?post=31100"}],"curies":[{"name":"wp","href":"https:\/\/api.w.org\/{rel}","templated":true}]}}