{"id":31098,"date":"2021-12-09T16:20:16","date_gmt":"2021-12-09T14:20:16","guid":{"rendered":"https:\/\/ddt.lv\/lv\/product\/dekors-ziemassvetku-zvaigzne-ww-30led-1-28w-ip20-40cm-3xaa-taimeris-emos\/"},"modified":"2026-04-13T10:01:20","modified_gmt":"2026-04-13T07:01:20","slug":"dekors-ziemassvetku-zvaigzne-ww-30led-1-28w-ip20-40cm-3xaa-taimeris-emos","status":"publish","type":"product","link":"https:\/\/ddt.lv\/lv\/product\/dekors-ziemassvetku-zvaigzne-ww-30led-1-28w-ip20-40cm-3xaa-taimeris-emos\/","title":{"rendered":"Dekors Ziemassv\u0113tku ZVAIGZNE WW 30LED 1.28W IP20 40cm 3xAA+Taimeris EMOS"},"content":{"rendered":"<p>vadu kr\u0101sa: melna | gaismas kr\u0101sa: silti balta | taimeris: j\u0101 |  aizsardz\u012bba: IP20  | gaismas dio\u017eu skaits: 30 | izmanto\u0161ana: iek\u0161telp\u0101s | str\u0101vas pat\u0113ri\u0146\u0161: 1,28 W |  izm\u0113rs: 40 \u00d7 40 cm | baro\u0161anas veids: (3 \u00d7 AA) | izejas spriegums: 4,5 V DC | apgaismojums avots: LED.<\/p>","protected":false},"excerpt":{"rendered":"<p>vadu kr\u0101sa: melna | gaismas kr\u0101sa: silti balta | taimeris: j\u0101 | aizsardz\u012bba: IP20 | gaismas dio\u017eu skaits: 30 | izmanto\u0161ana: iek\u0161telp\u0101s | str\u0101vas pat\u0113ri\u0146\u0161: 1,28 W | izm\u0113rs: 40 \u00d7 40 cm | baro\u0161anas veids: (3 \u00d7 AA) | izejas spriegums: 4,5 V DC | apgaismojums avots: LED.<\/p>\n","protected":false},"featured_media":31171,"comment_status":"closed","ping_status":"closed","template":"","meta":{"inline_featured_image":false},"product_cat":[772,913],"product_tag":[],"yst_prominent_words":[],"class_list":{"0":"post-31098","1":"product","2":"type-product","3":"status-publish","4":"has-post-thumbnail","6":"product_cat-atlaides","7":"product_cat-iekstelpu-dekori-led-virtenes-un-dekoracijas","9":"first","10":"instock","11":"sale","12":"taxable","13":"shipping-taxable","14":"purchasable","15":"product-type-simple"},"jetpack_sharing_enabled":true,"_links":{"self":[{"href":"https:\/\/ddt.lv\/lv\/wp-json\/wp\/v2\/product\/31098"}],"collection":[{"href":"https:\/\/ddt.lv\/lv\/wp-json\/wp\/v2\/product"}],"about":[{"href":"https:\/\/ddt.lv\/lv\/wp-json\/wp\/v2\/types\/product"}],"replies":[{"embeddable":true,"href":"https:\/\/ddt.lv\/lv\/wp-json\/wp\/v2\/comments?post=31098"}],"wp:featuredmedia":[{"embeddable":true,"href":"https:\/\/ddt.lv\/lv\/wp-json\/wp\/v2\/media\/31171"}],"wp:attachment":[{"href":"https:\/\/ddt.lv\/lv\/wp-json\/wp\/v2\/media?parent=31098"}],"wp:term":[{"taxonomy":"product_cat","embeddable":true,"href":"https:\/\/ddt.lv\/lv\/wp-json\/wp\/v2\/product_cat?post=31098"},{"taxonomy":"product_tag","embeddable":true,"href":"https:\/\/ddt.lv\/lv\/wp-json\/wp\/v2\/product_tag?post=31098"},{"taxonomy":"yst_prominent_words","embeddable":true,"href":"https:\/\/ddt.lv\/lv\/wp-json\/wp\/v2\/yst_prominent_words?post=31098"}],"curies":[{"name":"wp","href":"https:\/\/api.w.org\/{rel}","templated":true}]}}