{"id":31097,"date":"2021-12-09T16:20:16","date_gmt":"2021-12-09T14:20:16","guid":{"rendered":"https:\/\/ddt.lv\/lv\/product\/dekors-ziemassvetku-svecturis-balts-metala-5led-1-35w-ww-ip20-230v-emos\/"},"modified":"2026-04-13T09:56:41","modified_gmt":"2026-04-13T06:56:41","slug":"dekors-ziemassvetku-svecturis-balts-metala-5led-1-35w-ww-ip20-230v-emos","status":"publish","type":"product","link":"https:\/\/ddt.lv\/lv\/product\/dekors-ziemassvetku-svecturis-balts-metala-5led-1-35w-ww-ip20-230v-emos\/","title":{"rendered":"Dekors Ziemassv\u0113tku SVE\u010cTURIS balts met\u0101la 5LED 1.35W WW IP20 230V EMOS"},"content":{"rendered":"<p>LED sve\u010dturis met\u0101la balts. 37 \u00d7 50 cm. iek\u0161\u0113jais. silti balts.<\/p>\n<p><\/p>","protected":false},"excerpt":{"rendered":"<p>LED sve\u010dturis met\u0101la balts. 37 \u00d7 50 cm. iek\u0161\u0113jais. silti balts.<\/p>\n","protected":false},"featured_media":31168,"comment_status":"closed","ping_status":"closed","template":"","meta":{"inline_featured_image":false},"product_cat":[772,913],"product_tag":[],"yst_prominent_words":[],"class_list":{"0":"post-31097","1":"product","2":"type-product","3":"status-publish","4":"has-post-thumbnail","6":"product_cat-atlaides","7":"product_cat-iekstelpu-dekori-led-virtenes-un-dekoracijas","9":"first","10":"instock","11":"sale","12":"taxable","13":"shipping-taxable","14":"purchasable","15":"product-type-simple"},"jetpack_sharing_enabled":true,"_links":{"self":[{"href":"https:\/\/ddt.lv\/lv\/wp-json\/wp\/v2\/product\/31097"}],"collection":[{"href":"https:\/\/ddt.lv\/lv\/wp-json\/wp\/v2\/product"}],"about":[{"href":"https:\/\/ddt.lv\/lv\/wp-json\/wp\/v2\/types\/product"}],"replies":[{"embeddable":true,"href":"https:\/\/ddt.lv\/lv\/wp-json\/wp\/v2\/comments?post=31097"}],"wp:featuredmedia":[{"embeddable":true,"href":"https:\/\/ddt.lv\/lv\/wp-json\/wp\/v2\/media\/31168"}],"wp:attachment":[{"href":"https:\/\/ddt.lv\/lv\/wp-json\/wp\/v2\/media?parent=31097"}],"wp:term":[{"taxonomy":"product_cat","embeddable":true,"href":"https:\/\/ddt.lv\/lv\/wp-json\/wp\/v2\/product_cat?post=31097"},{"taxonomy":"product_tag","embeddable":true,"href":"https:\/\/ddt.lv\/lv\/wp-json\/wp\/v2\/product_tag?post=31097"},{"taxonomy":"yst_prominent_words","embeddable":true,"href":"https:\/\/ddt.lv\/lv\/wp-json\/wp\/v2\/yst_prominent_words?post=31097"}],"curies":[{"name":"wp","href":"https:\/\/api.w.org\/{rel}","templated":true}]}}