{"id":31095,"date":"2021-12-09T16:20:15","date_gmt":"2021-12-09T14:20:15","guid":{"rendered":"https:\/\/ddt.lv\/lv\/product\/laterna-zimassvetku-svece-burka-1led-0-06w-ip20-3xaaa-taimeris-vintage-emos\/"},"modified":"2026-04-06T11:01:27","modified_gmt":"2026-04-06T08:01:27","slug":"laterna-zimassvetku-svece-burka-1led-0-06w-ip20-3xaaa-taimeris-vintage-emos","status":"publish","type":"product","link":"https:\/\/ddt.lv\/lv\/product\/laterna-zimassvetku-svece-burka-1led-0-06w-ip20-3xaaa-taimeris-vintage-emos\/","title":{"rendered":"Laterna  Zimassv\u0113tku Svece Burk\u0101 1LED 0.06W IP20 (3xAAA)+taimeris vintage EMOS"},"content":{"rendered":"<p>Iek\u0161telpu vintage LED dekorat\u012bv\u0101 sve\u010du laterna. &#8211; Koka un stikla materi\u0101lu kombin\u0101cija &#8211; Darb\u012bba: 3xAAA baterija.<\/p>","protected":false},"excerpt":{"rendered":"<p>Iek\u0161telpu vintage LED dekorat\u012bv\u0101 sve\u010du laterna. &#8211; Koka un stikla materi\u0101lu kombin\u0101cija &#8211; Darb\u012bba: 3xAAA baterija.<\/p>\n","protected":false},"featured_media":31175,"comment_status":"closed","ping_status":"closed","template":"","meta":{"inline_featured_image":false},"product_cat":[772,913],"product_tag":[],"yst_prominent_words":[],"class_list":{"0":"post-31095","1":"product","2":"type-product","3":"status-publish","4":"has-post-thumbnail","6":"product_cat-atlaides","7":"product_cat-iekstelpu-dekori-led-virtenes-un-dekoracijas","9":"first","10":"instock","11":"sale","12":"taxable","13":"shipping-taxable","14":"purchasable","15":"product-type-simple"},"jetpack_sharing_enabled":true,"_links":{"self":[{"href":"https:\/\/ddt.lv\/lv\/wp-json\/wp\/v2\/product\/31095"}],"collection":[{"href":"https:\/\/ddt.lv\/lv\/wp-json\/wp\/v2\/product"}],"about":[{"href":"https:\/\/ddt.lv\/lv\/wp-json\/wp\/v2\/types\/product"}],"replies":[{"embeddable":true,"href":"https:\/\/ddt.lv\/lv\/wp-json\/wp\/v2\/comments?post=31095"}],"wp:featuredmedia":[{"embeddable":true,"href":"https:\/\/ddt.lv\/lv\/wp-json\/wp\/v2\/media\/31175"}],"wp:attachment":[{"href":"https:\/\/ddt.lv\/lv\/wp-json\/wp\/v2\/media?parent=31095"}],"wp:term":[{"taxonomy":"product_cat","embeddable":true,"href":"https:\/\/ddt.lv\/lv\/wp-json\/wp\/v2\/product_cat?post=31095"},{"taxonomy":"product_tag","embeddable":true,"href":"https:\/\/ddt.lv\/lv\/wp-json\/wp\/v2\/product_tag?post=31095"},{"taxonomy":"yst_prominent_words","embeddable":true,"href":"https:\/\/ddt.lv\/lv\/wp-json\/wp\/v2\/yst_prominent_words?post=31095"}],"curies":[{"name":"wp","href":"https:\/\/api.w.org\/{rel}","templated":true}]}}