{"id":31093,"date":"2021-12-09T16:20:14","date_gmt":"2021-12-09T14:20:14","guid":{"rendered":"https:\/\/ddt.lv\/lv\/product\/virtene-ziemassvetku-40led-classic-0-5w-melna-ww-ip44-2-8m-3xaa-emos\/"},"modified":"2026-04-13T09:56:47","modified_gmt":"2026-04-13T06:56:47","slug":"virtene-ziemassvetku-40led-classic-0-5w-melna-ww-ip44-2-8m-3xaa-emos","status":"publish","type":"product","link":"https:\/\/ddt.lv\/lv\/product\/virtene-ziemassvetku-40led-classic-0-5w-melna-ww-ip44-2-8m-3xaa-emos\/","title":{"rendered":"Virtene ziemassv\u0113tku 40LED Classic 0.5W melna WW IP44 2.8m 3xAA EMOS"},"content":{"rendered":"<p>silti balta gaisma.<br \/>\nizm\u0113rs 2,8 m.<br \/>\nklasiska forma.<br \/>\nizmanto\u0161anai \u0101rpus telp\u0101m un iek\u0161telp\u0101s.<br \/>\ntaimeris .(3 \u00d7 AA).<br \/>\nLED skaits 40.<br \/>\nLED atstarpe 7 cm.<br \/>\nLED izm\u0113rs 5 mm.<br \/>\niepl\u016bdes garums 0,5 m.<br \/>\nstieples kr\u0101sa melna.<br \/>\nener\u0123ijas pat\u0113ri\u0146\u0161 0,5 W.<br \/>\nizejas spriegums 4,5 V DC.<br \/>\nIP44 aizsardz\u012bba.<\/p>\n<p><\/p>","protected":false},"excerpt":{"rendered":"<p>silti balta gaisma. izm\u0113rs 2,8 m. klasiska forma. izmanto\u0161anai \u0101rpus telp\u0101m un iek\u0161telp\u0101s. taimeris .(3 \u00d7 AA). LED skaits 40. LED atstarpe 7 cm. LED izm\u0113rs 5 mm. iepl\u016bdes garums 0,5 m. stieples kr\u0101sa melna. ener\u0123ijas pat\u0113ri\u0146\u0161 0,5 W. izejas spriegums 4,5 V DC. IP44 aizsardz\u012bba.<\/p>\n","protected":false},"featured_media":31184,"comment_status":"closed","ping_status":"closed","template":"","meta":{"inline_featured_image":false},"product_cat":[912],"product_tag":[],"yst_prominent_words":[],"class_list":{"0":"post-31093","1":"product","2":"type-product","3":"status-publish","4":"has-post-thumbnail","6":"product_cat-ara-virtenes","8":"first","9":"outofstock","10":"taxable","11":"shipping-taxable","12":"purchasable","13":"product-type-simple"},"jetpack_sharing_enabled":true,"_links":{"self":[{"href":"https:\/\/ddt.lv\/lv\/wp-json\/wp\/v2\/product\/31093"}],"collection":[{"href":"https:\/\/ddt.lv\/lv\/wp-json\/wp\/v2\/product"}],"about":[{"href":"https:\/\/ddt.lv\/lv\/wp-json\/wp\/v2\/types\/product"}],"replies":[{"embeddable":true,"href":"https:\/\/ddt.lv\/lv\/wp-json\/wp\/v2\/comments?post=31093"}],"wp:featuredmedia":[{"embeddable":true,"href":"https:\/\/ddt.lv\/lv\/wp-json\/wp\/v2\/media\/31184"}],"wp:attachment":[{"href":"https:\/\/ddt.lv\/lv\/wp-json\/wp\/v2\/media?parent=31093"}],"wp:term":[{"taxonomy":"product_cat","embeddable":true,"href":"https:\/\/ddt.lv\/lv\/wp-json\/wp\/v2\/product_cat?post=31093"},{"taxonomy":"product_tag","embeddable":true,"href":"https:\/\/ddt.lv\/lv\/wp-json\/wp\/v2\/product_tag?post=31093"},{"taxonomy":"yst_prominent_words","embeddable":true,"href":"https:\/\/ddt.lv\/lv\/wp-json\/wp\/v2\/yst_prominent_words?post=31093"}],"curies":[{"name":"wp","href":"https:\/\/api.w.org\/{rel}","templated":true}]}}