{"id":31027,"date":"2021-12-09T12:20:31","date_gmt":"2021-12-09T10:20:31","guid":{"rendered":"https:\/\/ddt.lv\/lv\/product\/led-g9-4-5w-230v-465lm-4100k-spuldze-emos\/"},"modified":"2026-04-01T00:21:22","modified_gmt":"2026-03-31T21:21:22","slug":"led-g9-4-5w-230v-465lm-4100k-spuldze-emos","status":"publish","type":"product","link":"https:\/\/ddt.lv\/lv\/product\/led-g9-4-5w-230v-465lm-4100k-spuldze-emos\/","title":{"rendered":"LED G9 4.5W 230V 465lm 4100K spuldze EMOS"},"content":{"rendered":"<p>neitr\u0101ls balta.<br \/>\n40 W spuldzes nomai\u0146a.<br \/>\nstr\u0101vas pat\u0113ri\u0146\u0161 4,5 W.<br \/>\ngaismas pl\u016bsma \/ spilgtums 465 lm.<br \/>\nforma JC.<br \/>\nhromatiskuma temperat\u016bra 4 100 K<br \/>\nspriegums 230 V ~ \/ 50 Hz.<br \/>\nstara le\u0146\u0137is 300\u00b0.<br \/>\nkr\u0101su indekss (CRI) 80.<br \/>\nener\u0123ijas klase (no 1.9.2021.) F.<br \/>\nkalpo\u0161anas laiks 30 000 stundas.<br \/>\nLED tehnolo\u0123ija.<\/p>","protected":false},"excerpt":{"rendered":"<p>neitr\u0101ls balta. 40 W spuldzes nomai\u0146a. str\u0101vas pat\u0113ri\u0146\u0161 4,5 W. gaismas pl\u016bsma \/ spilgtums 465 lm. forma JC. hromatiskuma temperat\u016bra 4 100 K spriegums 230 V ~ \/ 50 Hz. stara le\u0146\u0137is 300\u00b0. kr\u0101su indekss (CRI) 80. ener\u0123ijas klase (no 1.9.2021.) F. kalpo\u0161anas laiks 30 000 stundas. LED tehnolo\u0123ija.<\/p>\n","protected":false},"featured_media":31029,"comment_status":"closed","ping_status":"closed","template":"","meta":{"inline_featured_image":false},"product_cat":[854],"product_tag":[],"yst_prominent_words":[],"class_list":{"0":"post-31027","1":"product","2":"type-product","3":"status-publish","4":"has-post-thumbnail","6":"product_cat-g9-spuldzes","8":"first","9":"instock","10":"taxable","11":"shipping-taxable","12":"purchasable","13":"product-type-simple"},"jetpack_sharing_enabled":true,"_links":{"self":[{"href":"https:\/\/ddt.lv\/lv\/wp-json\/wp\/v2\/product\/31027"}],"collection":[{"href":"https:\/\/ddt.lv\/lv\/wp-json\/wp\/v2\/product"}],"about":[{"href":"https:\/\/ddt.lv\/lv\/wp-json\/wp\/v2\/types\/product"}],"replies":[{"embeddable":true,"href":"https:\/\/ddt.lv\/lv\/wp-json\/wp\/v2\/comments?post=31027"}],"wp:featuredmedia":[{"embeddable":true,"href":"https:\/\/ddt.lv\/lv\/wp-json\/wp\/v2\/media\/31029"}],"wp:attachment":[{"href":"https:\/\/ddt.lv\/lv\/wp-json\/wp\/v2\/media?parent=31027"}],"wp:term":[{"taxonomy":"product_cat","embeddable":true,"href":"https:\/\/ddt.lv\/lv\/wp-json\/wp\/v2\/product_cat?post=31027"},{"taxonomy":"product_tag","embeddable":true,"href":"https:\/\/ddt.lv\/lv\/wp-json\/wp\/v2\/product_tag?post=31027"},{"taxonomy":"yst_prominent_words","embeddable":true,"href":"https:\/\/ddt.lv\/lv\/wp-json\/wp\/v2\/yst_prominent_words?post=31027"}],"curies":[{"name":"wp","href":"https:\/\/api.w.org\/{rel}","templated":true}]}}