{"id":31024,"date":"2021-12-09T12:20:29","date_gmt":"2021-12-09T10:20:29","guid":{"rendered":"https:\/\/ddt.lv\/lv\/product\/led-ball-filament-e14-6w-240v-806lm-2700k-spuldze-emos\/"},"modified":"2026-04-13T10:00:40","modified_gmt":"2026-04-13T07:00:40","slug":"led-ball-filament-e14-6w-240v-806lm-2700k-spuldze-emos","status":"publish","type":"product","link":"https:\/\/ddt.lv\/lv\/product\/led-ball-filament-e14-6w-240v-806lm-2700k-spuldze-emos\/","title":{"rendered":"LED BALL FILAMENT E14 6W 240V 806lm 2700K spuldze EMOS"},"content":{"rendered":"<p>E14.<br \/>\nkr\u0101sa silti balta.<br \/>\n60 W spuldzes nomai\u0146a.<br \/>\nener\u0123ijas pat\u0113ri\u0146\u0161 6 W.<br \/>\ngaismas pl\u016bsma \/ spilgtums 806 lm.<br \/>\nFILAMENT.<br \/>\nMini Globusa forma.<br \/>\nhromatiskuma temperat\u016bra 2 700 K.<br \/>\nspriegums 230 V ~ \/ 50 Hz.<br \/>\nstara le\u0146\u0137is 320\u00b0.<br \/>\nkr\u0101su render\u0113\u0161anas indekss (CRI) 80.<br \/>\nener\u0123ijas klase (no 1.9.2021.) E.<br \/>\nkalpo\u0161anas laiks 25 000 stundas.<br \/>\nLED tehnolo\u0123ija.<\/p>","protected":false},"excerpt":{"rendered":"<p>E14. kr\u0101sa silti balta. 60 W spuldzes nomai\u0146a. ener\u0123ijas pat\u0113ri\u0146\u0161 6 W. gaismas pl\u016bsma \/ spilgtums 806 lm. FILAMENT. Mini Globusa forma. hromatiskuma temperat\u016bra 2 700 K. spriegums 230 V ~ \/ 50 Hz. stara le\u0146\u0137is 320\u00b0. kr\u0101su render\u0113\u0161anas indekss (CRI) 80. ener\u0123ijas klase (no 1.9.2021.) E. kalpo\u0161anas laiks 25 000 stundas. LED tehnolo\u0123ija.<\/p>\n","protected":false},"featured_media":31038,"comment_status":"closed","ping_status":"closed","template":"","meta":{"inline_featured_image":false},"product_cat":[925],"product_tag":[],"yst_prominent_words":[],"class_list":{"0":"post-31024","1":"product","2":"type-product","3":"status-publish","4":"has-post-thumbnail","6":"product_cat-filament-tipa-spuldzes","8":"first","9":"instock","10":"taxable","11":"shipping-taxable","12":"purchasable","13":"product-type-simple"},"jetpack_sharing_enabled":true,"_links":{"self":[{"href":"https:\/\/ddt.lv\/lv\/wp-json\/wp\/v2\/product\/31024"}],"collection":[{"href":"https:\/\/ddt.lv\/lv\/wp-json\/wp\/v2\/product"}],"about":[{"href":"https:\/\/ddt.lv\/lv\/wp-json\/wp\/v2\/types\/product"}],"replies":[{"embeddable":true,"href":"https:\/\/ddt.lv\/lv\/wp-json\/wp\/v2\/comments?post=31024"}],"wp:featuredmedia":[{"embeddable":true,"href":"https:\/\/ddt.lv\/lv\/wp-json\/wp\/v2\/media\/31038"}],"wp:attachment":[{"href":"https:\/\/ddt.lv\/lv\/wp-json\/wp\/v2\/media?parent=31024"}],"wp:term":[{"taxonomy":"product_cat","embeddable":true,"href":"https:\/\/ddt.lv\/lv\/wp-json\/wp\/v2\/product_cat?post=31024"},{"taxonomy":"product_tag","embeddable":true,"href":"https:\/\/ddt.lv\/lv\/wp-json\/wp\/v2\/product_tag?post=31024"},{"taxonomy":"yst_prominent_words","embeddable":true,"href":"https:\/\/ddt.lv\/lv\/wp-json\/wp\/v2\/yst_prominent_words?post=31024"}],"curies":[{"name":"wp","href":"https:\/\/api.w.org\/{rel}","templated":true}]}}