{"id":31023,"date":"2021-12-09T12:20:28","date_gmt":"2021-12-09T10:20:28","guid":{"rendered":"https:\/\/ddt.lv\/lv\/product\/led-gls-filament-a60-e27-6w-240v-806lm-2700k-spuldze-emos\/"},"modified":"2026-04-01T00:11:21","modified_gmt":"2026-03-31T21:11:21","slug":"led-gls-filament-a60-e27-6w-240v-806lm-2700k-spuldze-emos","status":"publish","type":"product","link":"https:\/\/ddt.lv\/lv\/product\/led-gls-filament-a60-e27-6w-240v-806lm-2700k-spuldze-emos\/","title":{"rendered":"LED GLS FILAMENT A60 E27 6W 240V 806lm 2700K spuldze EMOS"},"content":{"rendered":"<p>Baro\u0161ana<br \/>\n220-240 V~\/50 Hz.<br \/>\nSpuldzes ligzda (tips)<br \/>\nE27.<br \/>\nEner\u0123ijas pat\u0113ri\u0146\u0161<br \/>\n6 W.<br \/>\nVecais ekvivalents<br \/>\n60 W.<br \/>\nGaismas temperat\u016bra<br \/>\n2700 K (warm white).<br \/>\nGaismas atdeve<br \/>\n806 lm.<br \/>\nStara le\u0146\u0137is<br \/>\n360\u00b0.<br \/>\nOn\/Off skaits<br \/>\n50 000.<br \/>\nSpuldzes \u00d8<br \/>\n60 mm.<br \/>\nSpuldzes augstums<br \/>\n110 mm.<br \/>\nKalpo\u0161anas laiks<br \/>\n25 000 h.<\/p>","protected":false},"excerpt":{"rendered":"<p>Baro\u0161ana 220-240 V~\/50 Hz. Spuldzes ligzda (tips) E27. Ener\u0123ijas pat\u0113ri\u0146\u0161 6 W. Vecais ekvivalents 60 W. Gaismas temperat\u016bra 2700 K (warm white). Gaismas atdeve 806 lm. Stara le\u0146\u0137is 360\u00b0. On\/Off skaits 50 000. Spuldzes \u00d8 60 mm. Spuldzes augstums 110 mm. Kalpo\u0161anas laiks 25 000 h.<\/p>\n","protected":false},"featured_media":31044,"comment_status":"closed","ping_status":"closed","template":"","meta":{"inline_featured_image":false},"product_cat":[925],"product_tag":[],"yst_prominent_words":[],"class_list":{"0":"post-31023","1":"product","2":"type-product","3":"status-publish","4":"has-post-thumbnail","6":"product_cat-filament-tipa-spuldzes","8":"first","9":"instock","10":"taxable","11":"shipping-taxable","12":"purchasable","13":"product-type-simple"},"jetpack_sharing_enabled":true,"_links":{"self":[{"href":"https:\/\/ddt.lv\/lv\/wp-json\/wp\/v2\/product\/31023"}],"collection":[{"href":"https:\/\/ddt.lv\/lv\/wp-json\/wp\/v2\/product"}],"about":[{"href":"https:\/\/ddt.lv\/lv\/wp-json\/wp\/v2\/types\/product"}],"replies":[{"embeddable":true,"href":"https:\/\/ddt.lv\/lv\/wp-json\/wp\/v2\/comments?post=31023"}],"wp:featuredmedia":[{"embeddable":true,"href":"https:\/\/ddt.lv\/lv\/wp-json\/wp\/v2\/media\/31044"}],"wp:attachment":[{"href":"https:\/\/ddt.lv\/lv\/wp-json\/wp\/v2\/media?parent=31023"}],"wp:term":[{"taxonomy":"product_cat","embeddable":true,"href":"https:\/\/ddt.lv\/lv\/wp-json\/wp\/v2\/product_cat?post=31023"},{"taxonomy":"product_tag","embeddable":true,"href":"https:\/\/ddt.lv\/lv\/wp-json\/wp\/v2\/product_tag?post=31023"},{"taxonomy":"yst_prominent_words","embeddable":true,"href":"https:\/\/ddt.lv\/lv\/wp-json\/wp\/v2\/yst_prominent_words?post=31023"}],"curies":[{"name":"wp","href":"https:\/\/api.w.org\/{rel}","templated":true}]}}