{"id":31022,"date":"2021-12-09T12:20:28","date_gmt":"2021-12-09T10:20:28","guid":{"rendered":"https:\/\/ddt.lv\/lv\/product\/led-gu10-6w-230v-510lm-120-3000k-dimm-spuldze-emos\/"},"modified":"2026-04-06T10:50:58","modified_gmt":"2026-04-06T07:50:58","slug":"led-gu10-6w-230v-510lm-120-3000k-dimm-spuldze-emos","status":"publish","type":"product","link":"https:\/\/ddt.lv\/lv\/product\/led-gu10-6w-230v-510lm-120-3000k-dimm-spuldze-emos\/","title":{"rendered":"LED GU10 6W 230V 510lm 120&#8217; 3000K STEP-DIM spuldze EMOS"},"content":{"rendered":"<p><span class=\"JLqJ4b ChMk0b\" data-language-for-alternatives=\"lv\" data-language-to-translate-into=\"en\" data-phrase-index=\"0\" data-number-of-phrases=\"5\"><span class=\"Q4iAWc\">Tr\u012bs aptum\u0161o\u0161anas l\u012bme\u0146i, izmantojot klasisko sl\u0113dzi \u2013 100 % \u2013 50 % \u2013 10 %.<\/span><\/span><\/p>\n<p><span class=\"JLqJ4b ChMk0b\" data-language-for-alternatives=\"lv\" data-language-to-translate-into=\"en\" data-phrase-index=\"2\" data-number-of-phrases=\"5\"><span class=\"Q4iAWc\">Spuldzi var aptum\u0161ot, atk\u0101rtoti iesl\u0113dzot\/izsl\u0113dzot gaismu (izmantojot standarta (sienas) sl\u0113dzi).<\/span><\/span><\/p>\n<p>GU10.<br \/>\nkr\u0101sa silti balta.<br \/>\n42 W spuldzes nomai\u0146a.<br \/>\nener\u0123ijas pat\u0113ri\u0146\u0161 6 W.<br \/>\ngaismas pl\u016bsma \/ spilgtums 510 lm.<br \/>\nregul\u0113jama, 3 l\u012bme\u0146i.<br \/>\nforma MR16.<br \/>\nhromatiskuma temperat\u016bra 3 000 K.<br \/>\nspriegums 230 V ~ \/ 50 Hz.<br \/>\nstara le\u0146\u0137is 120\u00b0.<br \/>\nkr\u0101su render\u0113\u0161anas indekss (CRI) 80.<br \/>\nener\u0123ijas klase (no 1.9.2021.) F.<br \/>\nkalpo\u0161anas laiks 30 000 stundas.<br \/>\nLED tehnolo\u0123ija.<\/p>","protected":false},"excerpt":{"rendered":"<p>Tr\u012bs aptum\u0161o\u0161anas l\u012bme\u0146i, izmantojot klasisko sl\u0113dzi \u2013 100 % \u2013 50 % \u2013 10 %. Spuldzi var aptum\u0161ot, atk\u0101rtoti iesl\u0113dzot\/izsl\u0113dzot gaismu (izmantojot standarta (sienas) sl\u0113dzi). GU10. kr\u0101sa silti balta. 42 W spuldzes nomai\u0146a. ener\u0123ijas pat\u0113ri\u0146\u0161 6 W. gaismas pl\u016bsma \/ spilgtums 510 lm. regul\u0113jama, 3 l\u012bme\u0146i. forma MR16. hromatiskuma temperat\u016bra 3 000 K. spriegums 230 [&hellip;]<\/p>\n","protected":false},"featured_media":31040,"comment_status":"closed","ping_status":"closed","template":"","meta":{"inline_featured_image":false},"product_cat":[852],"product_tag":[],"yst_prominent_words":[],"class_list":{"0":"post-31022","1":"product","2":"type-product","3":"status-publish","4":"has-post-thumbnail","6":"product_cat-gu10-spuldzes","8":"first","9":"outofstock","10":"taxable","11":"shipping-taxable","12":"purchasable","13":"product-type-simple"},"jetpack_sharing_enabled":true,"_links":{"self":[{"href":"https:\/\/ddt.lv\/lv\/wp-json\/wp\/v2\/product\/31022"}],"collection":[{"href":"https:\/\/ddt.lv\/lv\/wp-json\/wp\/v2\/product"}],"about":[{"href":"https:\/\/ddt.lv\/lv\/wp-json\/wp\/v2\/types\/product"}],"replies":[{"embeddable":true,"href":"https:\/\/ddt.lv\/lv\/wp-json\/wp\/v2\/comments?post=31022"}],"wp:featuredmedia":[{"embeddable":true,"href":"https:\/\/ddt.lv\/lv\/wp-json\/wp\/v2\/media\/31040"}],"wp:attachment":[{"href":"https:\/\/ddt.lv\/lv\/wp-json\/wp\/v2\/media?parent=31022"}],"wp:term":[{"taxonomy":"product_cat","embeddable":true,"href":"https:\/\/ddt.lv\/lv\/wp-json\/wp\/v2\/product_cat?post=31022"},{"taxonomy":"product_tag","embeddable":true,"href":"https:\/\/ddt.lv\/lv\/wp-json\/wp\/v2\/product_tag?post=31022"},{"taxonomy":"yst_prominent_words","embeddable":true,"href":"https:\/\/ddt.lv\/lv\/wp-json\/wp\/v2\/yst_prominent_words?post=31022"}],"curies":[{"name":"wp","href":"https:\/\/api.w.org\/{rel}","templated":true}]}}