{"id":31021,"date":"2021-12-09T12:20:26","date_gmt":"2021-12-09T10:20:26","guid":{"rendered":"https:\/\/ddt.lv\/lv\/product\/led-e27-t45-14w-1521lm-3000k-spuldze-avide\/"},"modified":"2026-04-13T10:01:07","modified_gmt":"2026-04-13T07:01:07","slug":"led-e27-t45-14w-1521lm-3000k-spuldze-avide","status":"publish","type":"product","link":"https:\/\/ddt.lv\/lv\/product\/led-e27-t45-14w-1521lm-3000k-spuldze-avide\/","title":{"rendered":"LED E27 T45 14W 1521lm 3000K spuldze AVIDE"},"content":{"rendered":"<p>Kontaktligzda: E27.<br \/>\nDarba temperat\u016bra: -20 + -40\u00b0C.<br \/>\nJauda: 14W.<br \/>\nSpriegums: 220-240V.<br \/>\nStara le\u0146\u0137is: 220\u00b0.<br \/>\nLumena jauda: 1511lm.<br \/>\nKr\u0101su temperat\u016bra: 3000K.<br \/>\nKalpo\u0161anas laiks: 25 000h.<br \/>\nEner\u0123ijas klase: A+.<br \/>\nCRI: 80.<br \/>\nIP standarts: IP20.<\/p>","protected":false},"excerpt":{"rendered":"<p>Kontaktligzda: E27. Darba temperat\u016bra: -20 + -40\u00b0C. Jauda: 14W. Spriegums: 220-240V. Stara le\u0146\u0137is: 220\u00b0. Lumena jauda: 1511lm. Kr\u0101su temperat\u016bra: 3000K. Kalpo\u0161anas laiks: 25 000h. Ener\u0123ijas klase: A+. CRI: 80. IP standarts: IP20.<\/p>\n","protected":false},"featured_media":31050,"comment_status":"closed","ping_status":"closed","template":"","meta":{"inline_featured_image":false},"product_cat":[850],"product_tag":[],"yst_prominent_words":[],"class_list":{"0":"post-31021","1":"product","2":"type-product","3":"status-publish","4":"has-post-thumbnail","6":"product_cat-e27-spuldzes","8":"first","9":"instock","10":"taxable","11":"shipping-taxable","12":"purchasable","13":"product-type-simple"},"jetpack_sharing_enabled":true,"_links":{"self":[{"href":"https:\/\/ddt.lv\/lv\/wp-json\/wp\/v2\/product\/31021"}],"collection":[{"href":"https:\/\/ddt.lv\/lv\/wp-json\/wp\/v2\/product"}],"about":[{"href":"https:\/\/ddt.lv\/lv\/wp-json\/wp\/v2\/types\/product"}],"replies":[{"embeddable":true,"href":"https:\/\/ddt.lv\/lv\/wp-json\/wp\/v2\/comments?post=31021"}],"wp:featuredmedia":[{"embeddable":true,"href":"https:\/\/ddt.lv\/lv\/wp-json\/wp\/v2\/media\/31050"}],"wp:attachment":[{"href":"https:\/\/ddt.lv\/lv\/wp-json\/wp\/v2\/media?parent=31021"}],"wp:term":[{"taxonomy":"product_cat","embeddable":true,"href":"https:\/\/ddt.lv\/lv\/wp-json\/wp\/v2\/product_cat?post=31021"},{"taxonomy":"product_tag","embeddable":true,"href":"https:\/\/ddt.lv\/lv\/wp-json\/wp\/v2\/product_tag?post=31021"},{"taxonomy":"yst_prominent_words","embeddable":true,"href":"https:\/\/ddt.lv\/lv\/wp-json\/wp\/v2\/yst_prominent_words?post=31021"}],"curies":[{"name":"wp","href":"https:\/\/api.w.org\/{rel}","templated":true}]}}