{"id":31020,"date":"2021-12-09T12:20:25","date_gmt":"2021-12-09T10:20:25","guid":{"rendered":"https:\/\/ddt.lv\/lv\/product\/led-ball-filament-e14-7w-240v-870lm-4000k-spuldze-avide\/"},"modified":"2026-04-13T10:05:22","modified_gmt":"2026-04-13T07:05:22","slug":"led-ball-filament-e14-7w-240v-870lm-4000k-spuldze-avide","status":"publish","type":"product","link":"https:\/\/ddt.lv\/lv\/product\/led-ball-filament-e14-7w-240v-870lm-4000k-spuldze-avide\/","title":{"rendered":"LED BALL Filament E14 7W 240V 870lm 4000K spuldze AVIDE"},"content":{"rendered":"<p>Kontaktligzda<br \/>\nE14.<\/p>\n<p>Jauda<br \/>\n7 W.<\/p>\n<p>L\u012bdzv\u0113rt\u012bga jauda<br \/>\n64 W.<\/p>\n<p>Sprieguma diapazons<\/p>\n<p>220-240 V.<\/p>\n<p>Darba temperat\u016bra<\/p>\n<p>-20 &#8211; +40 \u00b0C.<\/p>\n<p>IP klase<\/p>\n<p>IP20.<br \/>\nLumena jauda<\/p>\n<p>880 lm.<\/p>\n<p>Kr\u0101su temperat\u016bra<\/p>\n<p>4000 K.<\/p>\n<p>Stara le\u0146\u0137is<\/p>\n<p>360 \u00b0.<\/p>\n<p>Kr\u0101su atveido\u0161anas indekss<\/p>\n<p>80.<\/p>\n<p><\/p>","protected":false},"excerpt":{"rendered":"<p>Kontaktligzda E14. Jauda 7 W. L\u012bdzv\u0113rt\u012bga jauda 64 W. Sprieguma diapazons 220-240 V. Darba temperat\u016bra -20 &#8211; +40 \u00b0C. IP klase IP20. Lumena jauda 880 lm. Kr\u0101su temperat\u016bra 4000 K. Stara le\u0146\u0137is 360 \u00b0. Kr\u0101su atveido\u0161anas indekss 80.<\/p>\n","protected":false},"featured_media":31054,"comment_status":"closed","ping_status":"closed","template":"","meta":{"inline_featured_image":false},"product_cat":[925],"product_tag":[],"yst_prominent_words":[],"class_list":{"0":"post-31020","1":"product","2":"type-product","3":"status-publish","4":"has-post-thumbnail","6":"product_cat-filament-tipa-spuldzes","8":"first","9":"instock","10":"taxable","11":"shipping-taxable","12":"purchasable","13":"product-type-simple"},"jetpack_sharing_enabled":true,"_links":{"self":[{"href":"https:\/\/ddt.lv\/lv\/wp-json\/wp\/v2\/product\/31020"}],"collection":[{"href":"https:\/\/ddt.lv\/lv\/wp-json\/wp\/v2\/product"}],"about":[{"href":"https:\/\/ddt.lv\/lv\/wp-json\/wp\/v2\/types\/product"}],"replies":[{"embeddable":true,"href":"https:\/\/ddt.lv\/lv\/wp-json\/wp\/v2\/comments?post=31020"}],"wp:featuredmedia":[{"embeddable":true,"href":"https:\/\/ddt.lv\/lv\/wp-json\/wp\/v2\/media\/31054"}],"wp:attachment":[{"href":"https:\/\/ddt.lv\/lv\/wp-json\/wp\/v2\/media?parent=31020"}],"wp:term":[{"taxonomy":"product_cat","embeddable":true,"href":"https:\/\/ddt.lv\/lv\/wp-json\/wp\/v2\/product_cat?post=31020"},{"taxonomy":"product_tag","embeddable":true,"href":"https:\/\/ddt.lv\/lv\/wp-json\/wp\/v2\/product_tag?post=31020"},{"taxonomy":"yst_prominent_words","embeddable":true,"href":"https:\/\/ddt.lv\/lv\/wp-json\/wp\/v2\/yst_prominent_words?post=31020"}],"curies":[{"name":"wp","href":"https:\/\/api.w.org\/{rel}","templated":true}]}}