{"id":31019,"date":"2021-12-09T12:20:25","date_gmt":"2021-12-09T10:20:25","guid":{"rendered":"https:\/\/ddt.lv\/lv\/product\/led-ball-filament-e14-7w-240v-870lm-2700k-spuldze-avide\/"},"modified":"2026-04-08T14:42:50","modified_gmt":"2026-04-08T11:42:50","slug":"led-ball-filament-e14-7w-240v-870lm-2700k-spuldze-avide","status":"publish","type":"product","link":"https:\/\/ddt.lv\/lv\/product\/led-ball-filament-e14-7w-240v-870lm-2700k-spuldze-avide\/","title":{"rendered":"LED BALL Filament E14 7W 240V 870lm 2700K spuldze AVIDE"},"content":{"rendered":"<p>Kontaktligzda: E14.<br \/>\nDarba temperat\u016bra: -20 &#8211; +40 \u00b0C.<br \/>\nJauda: 7W.<br \/>\nSpriegums: 220-240V.<br \/>\nStara le\u0146\u0137is: 360\u00b0.<br \/>\nLumena jauda: 870lm.<br \/>\nKr\u0101su temperat\u016bra: 2700K.<br \/>\nKalpo\u0161anas laiks: 25 000h.<br \/>\nEner\u0123ijas klase: A++.<br \/>\nLED tips: Kv\u0113ldiegs.<br \/>\nCRI: 80.<br \/>\nIP standarts: IP20.<\/p>","protected":false},"excerpt":{"rendered":"<p>Kontaktligzda: E14. Darba temperat\u016bra: -20 &#8211; +40 \u00b0C. Jauda: 7W. Spriegums: 220-240V. Stara le\u0146\u0137is: 360\u00b0. Lumena jauda: 870lm. Kr\u0101su temperat\u016bra: 2700K. Kalpo\u0161anas laiks: 25 000h. Ener\u0123ijas klase: A++. LED tips: Kv\u0113ldiegs. CRI: 80. IP standarts: IP20.<\/p>\n","protected":false},"featured_media":31054,"comment_status":"closed","ping_status":"closed","template":"","meta":{"inline_featured_image":false},"product_cat":[925],"product_tag":[],"yst_prominent_words":[],"class_list":{"0":"post-31019","1":"product","2":"type-product","3":"status-publish","4":"has-post-thumbnail","6":"product_cat-filament-tipa-spuldzes","8":"first","9":"instock","10":"taxable","11":"shipping-taxable","12":"purchasable","13":"product-type-simple"},"jetpack_sharing_enabled":true,"_links":{"self":[{"href":"https:\/\/ddt.lv\/lv\/wp-json\/wp\/v2\/product\/31019"}],"collection":[{"href":"https:\/\/ddt.lv\/lv\/wp-json\/wp\/v2\/product"}],"about":[{"href":"https:\/\/ddt.lv\/lv\/wp-json\/wp\/v2\/types\/product"}],"replies":[{"embeddable":true,"href":"https:\/\/ddt.lv\/lv\/wp-json\/wp\/v2\/comments?post=31019"}],"wp:featuredmedia":[{"embeddable":true,"href":"https:\/\/ddt.lv\/lv\/wp-json\/wp\/v2\/media\/31054"}],"wp:attachment":[{"href":"https:\/\/ddt.lv\/lv\/wp-json\/wp\/v2\/media?parent=31019"}],"wp:term":[{"taxonomy":"product_cat","embeddable":true,"href":"https:\/\/ddt.lv\/lv\/wp-json\/wp\/v2\/product_cat?post=31019"},{"taxonomy":"product_tag","embeddable":true,"href":"https:\/\/ddt.lv\/lv\/wp-json\/wp\/v2\/product_tag?post=31019"},{"taxonomy":"yst_prominent_words","embeddable":true,"href":"https:\/\/ddt.lv\/lv\/wp-json\/wp\/v2\/yst_prominent_words?post=31019"}],"curies":[{"name":"wp","href":"https:\/\/api.w.org\/{rel}","templated":true}]}}