{"id":31016,"date":"2021-12-09T12:20:23","date_gmt":"2021-12-09T10:20:23","guid":{"rendered":"https:\/\/ddt.lv\/lv\/product\/led-g4-2-5w-200lm-12v-160-3000k-spuldze-avide\/"},"modified":"2026-04-01T00:16:55","modified_gmt":"2026-03-31T21:16:55","slug":"led-g4-2-5w-200lm-12v-160-3000k-spuldze-avide","status":"publish","type":"product","link":"https:\/\/ddt.lv\/lv\/product\/led-g4-2-5w-200lm-12v-160-3000k-spuldze-avide\/","title":{"rendered":"LED G4 2.5W 200lm 12V 160&#8217; 3000K spuldze AVIDE"},"content":{"rendered":"<p>gaismas pl\u016bsma 200 Lm, jauda 2,5W = 24W, diodes tips Epistar SMD, b\u0101ze G4, kalpo\u0161anas laiks 25000 stundas, apgaismojuma le\u0146\u0137is 160 &#8216;, spriegums 12V, 50-60Hz, silti baltas gaismas temperat\u016bra 3000K<\/p>","protected":false},"excerpt":{"rendered":"<p>gaismas pl\u016bsma 200 Lm, jauda 2,5W = 24W, diodes tips Epistar SMD, b\u0101ze G4, kalpo\u0161anas laiks 25000 stundas, apgaismojuma le\u0146\u0137is 160 &#8216;, spriegums 12V, 50-60Hz, silti baltas gaismas temperat\u016bra 3000K<\/p>\n","protected":false},"featured_media":31065,"comment_status":"closed","ping_status":"closed","template":"","meta":{"inline_featured_image":false},"product_cat":[853],"product_tag":[],"yst_prominent_words":[],"class_list":{"0":"post-31016","1":"product","2":"type-product","3":"status-publish","4":"has-post-thumbnail","6":"product_cat-g4-spuldzes-led-spuldzes","8":"first","9":"instock","10":"taxable","11":"shipping-taxable","12":"purchasable","13":"product-type-simple"},"jetpack_sharing_enabled":true,"_links":{"self":[{"href":"https:\/\/ddt.lv\/lv\/wp-json\/wp\/v2\/product\/31016"}],"collection":[{"href":"https:\/\/ddt.lv\/lv\/wp-json\/wp\/v2\/product"}],"about":[{"href":"https:\/\/ddt.lv\/lv\/wp-json\/wp\/v2\/types\/product"}],"replies":[{"embeddable":true,"href":"https:\/\/ddt.lv\/lv\/wp-json\/wp\/v2\/comments?post=31016"}],"wp:featuredmedia":[{"embeddable":true,"href":"https:\/\/ddt.lv\/lv\/wp-json\/wp\/v2\/media\/31065"}],"wp:attachment":[{"href":"https:\/\/ddt.lv\/lv\/wp-json\/wp\/v2\/media?parent=31016"}],"wp:term":[{"taxonomy":"product_cat","embeddable":true,"href":"https:\/\/ddt.lv\/lv\/wp-json\/wp\/v2\/product_cat?post=31016"},{"taxonomy":"product_tag","embeddable":true,"href":"https:\/\/ddt.lv\/lv\/wp-json\/wp\/v2\/product_tag?post=31016"},{"taxonomy":"yst_prominent_words","embeddable":true,"href":"https:\/\/ddt.lv\/lv\/wp-json\/wp\/v2\/yst_prominent_words?post=31016"}],"curies":[{"name":"wp","href":"https:\/\/api.w.org\/{rel}","templated":true}]}}