{"id":31015,"date":"2021-12-09T12:20:22","date_gmt":"2021-12-09T10:20:22","guid":{"rendered":"https:\/\/ddt.lv\/lv\/product\/led-spuldze-avide-tube-s14s-8w-120-240v-750lm-4000k-500mm\/"},"modified":"2026-04-01T00:11:34","modified_gmt":"2026-03-31T21:11:34","slug":"led-spuldze-avide-tube-s14s-8w-120-240v-750lm-4000k-500mm","status":"publish","type":"product","link":"https:\/\/ddt.lv\/lv\/product\/led-spuldze-avide-tube-s14s-8w-120-240v-750lm-4000k-500mm\/","title":{"rendered":"LED spuldze Avide Tube S14s 8W 120&#8242; 240V 750lm 4000K 500mm"},"content":{"rendered":"<p>S14s.<\/p>\n<p>Jauda<br \/>\n8 W.<\/p>\n<p>L\u012bdzv\u0113rt\u012bga jauda<br \/>\n50 W.<\/p>\n<p>Sprieguma diapazons<br \/>\n220-240 V.<\/p>\n<p>Darba temperat\u016bra<br \/>\n-20 &#8211; +40 \u00b0C.<\/p>\n<p>IP klase<br \/>\nIP20.<\/p>\n<p>Diametrs<\/p>\n<p>30 mm.<\/p>\n<p>Garums<\/p>\n<p>500 mm.<\/p>\n<p>Lumena jauda<\/p>\n<p>640 lm.<\/p>\n<p>Kr\u0101su temperat\u016bra<\/p>\n<p>4000 K.<\/p>\n<p>Stara le\u0146\u0137is<\/p>\n<p>120 \u00b0.<\/p>\n<p>Mikrosh\u0113mas veids<\/p>\n<p>SMD2835.<\/p>\n<p>Kr\u0101su atveido\u0161anas indekss<\/p>\n<p>&gt;80.<\/p>","protected":false},"excerpt":{"rendered":"<p>S14s. Jauda 8 W. L\u012bdzv\u0113rt\u012bga jauda 50 W. Sprieguma diapazons 220-240 V. Darba temperat\u016bra -20 &#8211; +40 \u00b0C. IP klase IP20. Diametrs 30 mm. Garums 500 mm. Lumena jauda 640 lm. Kr\u0101su temperat\u016bra 4000 K. Stara le\u0146\u0137is 120 \u00b0. Mikrosh\u0113mas veids SMD2835. Kr\u0101su atveido\u0161anas indekss &gt;80.<\/p>\n","protected":false},"featured_media":31073,"comment_status":"closed","ping_status":"closed","template":"","meta":{"inline_featured_image":false},"product_cat":[855],"product_tag":[],"yst_prominent_words":[],"class_list":{"0":"post-31015","1":"product","2":"type-product","3":"status-publish","4":"has-post-thumbnail","6":"product_cat-s14-spuldzes","8":"first","9":"outofstock","10":"taxable","11":"shipping-taxable","12":"purchasable","13":"product-type-simple"},"jetpack_sharing_enabled":true,"_links":{"self":[{"href":"https:\/\/ddt.lv\/lv\/wp-json\/wp\/v2\/product\/31015"}],"collection":[{"href":"https:\/\/ddt.lv\/lv\/wp-json\/wp\/v2\/product"}],"about":[{"href":"https:\/\/ddt.lv\/lv\/wp-json\/wp\/v2\/types\/product"}],"replies":[{"embeddable":true,"href":"https:\/\/ddt.lv\/lv\/wp-json\/wp\/v2\/comments?post=31015"}],"wp:featuredmedia":[{"embeddable":true,"href":"https:\/\/ddt.lv\/lv\/wp-json\/wp\/v2\/media\/31073"}],"wp:attachment":[{"href":"https:\/\/ddt.lv\/lv\/wp-json\/wp\/v2\/media?parent=31015"}],"wp:term":[{"taxonomy":"product_cat","embeddable":true,"href":"https:\/\/ddt.lv\/lv\/wp-json\/wp\/v2\/product_cat?post=31015"},{"taxonomy":"product_tag","embeddable":true,"href":"https:\/\/ddt.lv\/lv\/wp-json\/wp\/v2\/product_tag?post=31015"},{"taxonomy":"yst_prominent_words","embeddable":true,"href":"https:\/\/ddt.lv\/lv\/wp-json\/wp\/v2\/yst_prominent_words?post=31015"}],"curies":[{"name":"wp","href":"https:\/\/api.w.org\/{rel}","templated":true}]}}