{"id":31012,"date":"2021-12-09T12:20:21","date_gmt":"2021-12-09T10:20:21","guid":{"rendered":"https:\/\/ddt.lv\/lv\/product\/led-g9-3-5w-400lm-240v-220-3000k-spuldze-avide\/"},"modified":"2026-04-01T00:17:18","modified_gmt":"2026-03-31T21:17:18","slug":"led-g9-3-5w-400lm-240v-220-3000k-spuldze-avide","status":"publish","type":"product","link":"https:\/\/ddt.lv\/lv\/product\/led-g9-3-5w-400lm-240v-220-3000k-spuldze-avide\/","title":{"rendered":"LED G9 3.5W 400lm 240V 220&#8217; 3000K spuldze AVIDE"},"content":{"rendered":"<p>Kontaktligzda: G9.<br \/>\nDarba temperat\u016bra: -20 &#8211; +40 \u00b0C.<br \/>\nSertifik\u0101ti: CE.<br \/>\nJauda: 3,5 W.<br \/>\nSpriegums: 220-240V.<br \/>\nStara le\u0146\u0137is: 300o.<br \/>\nAptum\u0161ojam\u012bba: N\u0113.<br \/>\nLumena jauda: 400lm.<br \/>\nKr\u0101su temperat\u016bra: 3000K.<br \/>\nKalpo\u0161anas laiks: 15 000h.<br \/>\nEner\u0123ijas klase: A+.<br \/>\nCRI: 80.<br \/>\nIP standarts: IP20.<\/p>","protected":false},"excerpt":{"rendered":"<p>Kontaktligzda: G9. Darba temperat\u016bra: -20 &#8211; +40 \u00b0C. Sertifik\u0101ti: CE. Jauda: 3,5 W. Spriegums: 220-240V. Stara le\u0146\u0137is: 300o. Aptum\u0161ojam\u012bba: N\u0113. Lumena jauda: 400lm. Kr\u0101su temperat\u016bra: 3000K. Kalpo\u0161anas laiks: 15 000h. Ener\u0123ijas klase: A+. CRI: 80. IP standarts: IP20.<\/p>\n","protected":false},"featured_media":31081,"comment_status":"closed","ping_status":"closed","template":"","meta":{"inline_featured_image":false},"product_cat":[854],"product_tag":[],"yst_prominent_words":[],"class_list":{"0":"post-31012","1":"product","2":"type-product","3":"status-publish","4":"has-post-thumbnail","6":"product_cat-g9-spuldzes","8":"first","9":"outofstock","10":"taxable","11":"shipping-taxable","12":"purchasable","13":"product-type-simple"},"jetpack_sharing_enabled":true,"_links":{"self":[{"href":"https:\/\/ddt.lv\/lv\/wp-json\/wp\/v2\/product\/31012"}],"collection":[{"href":"https:\/\/ddt.lv\/lv\/wp-json\/wp\/v2\/product"}],"about":[{"href":"https:\/\/ddt.lv\/lv\/wp-json\/wp\/v2\/types\/product"}],"replies":[{"embeddable":true,"href":"https:\/\/ddt.lv\/lv\/wp-json\/wp\/v2\/comments?post=31012"}],"wp:featuredmedia":[{"embeddable":true,"href":"https:\/\/ddt.lv\/lv\/wp-json\/wp\/v2\/media\/31081"}],"wp:attachment":[{"href":"https:\/\/ddt.lv\/lv\/wp-json\/wp\/v2\/media?parent=31012"}],"wp:term":[{"taxonomy":"product_cat","embeddable":true,"href":"https:\/\/ddt.lv\/lv\/wp-json\/wp\/v2\/product_cat?post=31012"},{"taxonomy":"product_tag","embeddable":true,"href":"https:\/\/ddt.lv\/lv\/wp-json\/wp\/v2\/product_tag?post=31012"},{"taxonomy":"yst_prominent_words","embeddable":true,"href":"https:\/\/ddt.lv\/lv\/wp-json\/wp\/v2\/yst_prominent_words?post=31012"}],"curies":[{"name":"wp","href":"https:\/\/api.w.org\/{rel}","templated":true}]}}