{"id":31011,"date":"2021-12-09T12:20:20","date_gmt":"2021-12-09T10:20:20","guid":{"rendered":"https:\/\/ddt.lv\/lv\/product\/led-g4-2-5w-210lm-12v-160-4000k-spuldze-avide\/"},"modified":"2026-04-01T00:15:35","modified_gmt":"2026-03-31T21:15:35","slug":"led-g4-2-5w-210lm-12v-160-4000k-spuldze-avide","status":"publish","type":"product","link":"https:\/\/ddt.lv\/lv\/product\/led-g4-2-5w-210lm-12v-160-4000k-spuldze-avide\/","title":{"rendered":"LED G4 2.5W 210lm 12V 160&#8217; 4000K spuldze AVIDE"},"content":{"rendered":"<p>Kontaktligzda: G4.<br \/>\nDarba temperat\u016bra: -20 &#8211; +40 \u00b0C.<br \/>\nJauda: 2,5 W.<br \/>\nSpriegums: 12V.<br \/>\nStara le\u0146\u0137is: 160\u00b0.<br \/>\nAptum\u0161ojam\u012bba: N\u0113.<br \/>\nLumena jauda: 210lm.<br \/>\nKr\u0101su temperat\u016bra: 4000K.<br \/>\nKalpo\u0161anas laiks: 25 000h.<br \/>\nEner\u0123ijas klase: A+.<br \/>\nCRI: 80.<br \/>\nIP standarts: IP20.<\/p>","protected":false},"excerpt":{"rendered":"<p>Kontaktligzda: G4. Darba temperat\u016bra: -20 &#8211; +40 \u00b0C. Jauda: 2,5 W. Spriegums: 12V. Stara le\u0146\u0137is: 160\u00b0. Aptum\u0161ojam\u012bba: N\u0113. Lumena jauda: 210lm. Kr\u0101su temperat\u016bra: 4000K. Kalpo\u0161anas laiks: 25 000h. Ener\u0123ijas klase: A+. CRI: 80. IP standarts: IP20.<\/p>\n","protected":false},"featured_media":31084,"comment_status":"closed","ping_status":"closed","template":"","meta":{"inline_featured_image":false},"product_cat":[853],"product_tag":[],"yst_prominent_words":[],"class_list":{"0":"post-31011","1":"product","2":"type-product","3":"status-publish","4":"has-post-thumbnail","6":"product_cat-g4-spuldzes-led-spuldzes","8":"first","9":"outofstock","10":"taxable","11":"shipping-taxable","12":"purchasable","13":"product-type-simple"},"jetpack_sharing_enabled":true,"_links":{"self":[{"href":"https:\/\/ddt.lv\/lv\/wp-json\/wp\/v2\/product\/31011"}],"collection":[{"href":"https:\/\/ddt.lv\/lv\/wp-json\/wp\/v2\/product"}],"about":[{"href":"https:\/\/ddt.lv\/lv\/wp-json\/wp\/v2\/types\/product"}],"replies":[{"embeddable":true,"href":"https:\/\/ddt.lv\/lv\/wp-json\/wp\/v2\/comments?post=31011"}],"wp:featuredmedia":[{"embeddable":true,"href":"https:\/\/ddt.lv\/lv\/wp-json\/wp\/v2\/media\/31084"}],"wp:attachment":[{"href":"https:\/\/ddt.lv\/lv\/wp-json\/wp\/v2\/media?parent=31011"}],"wp:term":[{"taxonomy":"product_cat","embeddable":true,"href":"https:\/\/ddt.lv\/lv\/wp-json\/wp\/v2\/product_cat?post=31011"},{"taxonomy":"product_tag","embeddable":true,"href":"https:\/\/ddt.lv\/lv\/wp-json\/wp\/v2\/product_tag?post=31011"},{"taxonomy":"yst_prominent_words","embeddable":true,"href":"https:\/\/ddt.lv\/lv\/wp-json\/wp\/v2\/yst_prominent_words?post=31011"}],"curies":[{"name":"wp","href":"https:\/\/api.w.org\/{rel}","templated":true}]}}