{"id":30952,"date":"2021-12-08T12:50:17","date_gmt":"2021-12-08T10:50:17","guid":{"rendered":"https:\/\/ddt.lv\/lv\/product\/gaismas-dimmers-led-3-60w-zem-apmetuma-antracits-ar-rami-emos\/"},"modified":"2026-04-14T15:55:32","modified_gmt":"2026-04-14T12:55:32","slug":"gaismas-dimmers-led-3-60w-zem-apmetuma-antracits-ar-rami-emos","status":"publish","type":"product","link":"https:\/\/ddt.lv\/lv\/product\/gaismas-dimmers-led-3-60w-zem-apmetuma-antracits-ar-rami-emos\/","title":{"rendered":"Gaismas Dimmeris TRIAC kv\u0113lspuldzei vai halogenam 7-110W, vai LED 3-60W z\/a antracits EMOS"},"content":{"rendered":"<p>Dimmers regul\u0113jam\u0101m LED spuldz\u0113m, rot\u0101cijas un spiedpogu vad\u012bba.<br \/>\nantrac\u012bta kr\u0101sa.<br \/>\nkonstrukcijas 7-110 W \/ VA vakuuma un 230 V ~ halog\u0113na spuldzes, aptum\u0161ojamas kompakt\u0101s spuldzes. 3-60 W \/ VA aptum\u0161ojam\u0101m LED spuldz\u0113m.<br \/>\ntips 230 V ~, 50 Hz.<\/p>","protected":false},"excerpt":{"rendered":"<p>Dimmers regul\u0113jam\u0101m LED spuldz\u0113m, rot\u0101cijas un spiedpogu vad\u012bba. antrac\u012bta kr\u0101sa. konstrukcijas 7-110 W \/ VA vakuuma un 230 V ~ halog\u0113na spuldzes, aptum\u0161ojamas kompakt\u0101s spuldzes. 3-60 W \/ VA aptum\u0161ojam\u0101m LED spuldz\u0113m. tips 230 V ~, 50 Hz.<\/p>\n","protected":false},"featured_media":30968,"comment_status":"closed","ping_status":"closed","template":"","meta":{"inline_featured_image":false},"product_cat":[1304],"product_tag":[],"yst_prominent_words":[],"class_list":{"0":"post-30952","1":"product","2":"type-product","3":"status-publish","4":"has-post-thumbnail","6":"product_cat-dimmeri","8":"first","9":"instock","10":"taxable","11":"shipping-taxable","12":"purchasable","13":"product-type-simple"},"jetpack_sharing_enabled":true,"_links":{"self":[{"href":"https:\/\/ddt.lv\/lv\/wp-json\/wp\/v2\/product\/30952"}],"collection":[{"href":"https:\/\/ddt.lv\/lv\/wp-json\/wp\/v2\/product"}],"about":[{"href":"https:\/\/ddt.lv\/lv\/wp-json\/wp\/v2\/types\/product"}],"replies":[{"embeddable":true,"href":"https:\/\/ddt.lv\/lv\/wp-json\/wp\/v2\/comments?post=30952"}],"wp:featuredmedia":[{"embeddable":true,"href":"https:\/\/ddt.lv\/lv\/wp-json\/wp\/v2\/media\/30968"}],"wp:attachment":[{"href":"https:\/\/ddt.lv\/lv\/wp-json\/wp\/v2\/media?parent=30952"}],"wp:term":[{"taxonomy":"product_cat","embeddable":true,"href":"https:\/\/ddt.lv\/lv\/wp-json\/wp\/v2\/product_cat?post=30952"},{"taxonomy":"product_tag","embeddable":true,"href":"https:\/\/ddt.lv\/lv\/wp-json\/wp\/v2\/product_tag?post=30952"},{"taxonomy":"yst_prominent_words","embeddable":true,"href":"https:\/\/ddt.lv\/lv\/wp-json\/wp\/v2\/yst_prominent_words?post=30952"}],"curies":[{"name":"wp","href":"https:\/\/api.w.org\/{rel}","templated":true}]}}