{"id":30951,"date":"2021-12-08T12:50:17","date_gmt":"2021-12-08T10:50:17","guid":{"rendered":"https:\/\/ddt.lv\/lv\/product\/rozete-1-ligzda-ar-zemejumu-16a-antracits-zem-apmetuma-ar-rami-emos\/"},"modified":"2026-04-16T12:30:28","modified_gmt":"2026-04-16T09:30:28","slug":"rozete-1-ligzda-ar-zemejumu-16a-antracits-zem-apmetuma-ar-rami-emos","status":"publish","type":"product","link":"https:\/\/ddt.lv\/lv\/product\/rozete-1-ligzda-ar-zemejumu-16a-antracits-zem-apmetuma-ar-rami-emos\/","title":{"rendered":"Rozete 1 ligzda ar zemejumu 16A antrac\u012bts zem apmetuma ar r\u0101mi EMOS"},"content":{"rendered":"<p>viena kontaktligzda ar aizsargtapu un b\u0113rnu sl\u0113dzeni.<br \/>\nantrac\u012bta kr\u0101sa.<br \/>\nzem apmetuma.<br \/>\naizsardz\u012bba IP20.<br \/>\ndizains SCHUKO.<br \/>\ntips 250 V ~ \/ 16 A maks.<\/p>","protected":false},"excerpt":{"rendered":"<p>viena kontaktligzda ar aizsargtapu un b\u0113rnu sl\u0113dzeni. antrac\u012bta kr\u0101sa. zem apmetuma. aizsardz\u012bba IP20. dizains SCHUKO. tips 250 V ~ \/ 16 A maks.<\/p>\n","protected":false},"featured_media":30964,"comment_status":"closed","ping_status":"closed","template":"","meta":{"inline_featured_image":false},"product_cat":[1301],"product_tag":[],"yst_prominent_words":[],"class_list":{"0":"post-30951","1":"product","2":"type-product","3":"status-publish","4":"has-post-thumbnail","6":"product_cat-rozetes","8":"first","9":"instock","10":"taxable","11":"shipping-taxable","12":"purchasable","13":"product-type-simple"},"jetpack_sharing_enabled":true,"_links":{"self":[{"href":"https:\/\/ddt.lv\/lv\/wp-json\/wp\/v2\/product\/30951"}],"collection":[{"href":"https:\/\/ddt.lv\/lv\/wp-json\/wp\/v2\/product"}],"about":[{"href":"https:\/\/ddt.lv\/lv\/wp-json\/wp\/v2\/types\/product"}],"replies":[{"embeddable":true,"href":"https:\/\/ddt.lv\/lv\/wp-json\/wp\/v2\/comments?post=30951"}],"wp:featuredmedia":[{"embeddable":true,"href":"https:\/\/ddt.lv\/lv\/wp-json\/wp\/v2\/media\/30964"}],"wp:attachment":[{"href":"https:\/\/ddt.lv\/lv\/wp-json\/wp\/v2\/media?parent=30951"}],"wp:term":[{"taxonomy":"product_cat","embeddable":true,"href":"https:\/\/ddt.lv\/lv\/wp-json\/wp\/v2\/product_cat?post=30951"},{"taxonomy":"product_tag","embeddable":true,"href":"https:\/\/ddt.lv\/lv\/wp-json\/wp\/v2\/product_tag?post=30951"},{"taxonomy":"yst_prominent_words","embeddable":true,"href":"https:\/\/ddt.lv\/lv\/wp-json\/wp\/v2\/yst_prominent_words?post=30951"}],"curies":[{"name":"wp","href":"https:\/\/api.w.org\/{rel}","templated":true}]}}