{"id":30950,"date":"2021-12-08T12:50:16","date_gmt":"2021-12-08T10:50:16","guid":{"rendered":"https:\/\/ddt.lv\/lv\/product\/rozete-1-ligzda-ar-zemejumu-16a-2xusb-2-1a-antracit-zem-apmetuma-ar-rami-emos\/"},"modified":"2026-04-08T14:26:37","modified_gmt":"2026-04-08T11:26:37","slug":"rozete-1-ligzda-ar-zemejumu-16a-2xusb-2-1a-antracit-zem-apmetuma-ar-rami-emos","status":"publish","type":"product","link":"https:\/\/ddt.lv\/lv\/product\/rozete-1-ligzda-ar-zemejumu-16a-2xusb-2-1a-antracit-zem-apmetuma-ar-rami-emos\/","title":{"rendered":"Rozete 1 ligzda ar zem\u0113jumu 16A+2xUSB 2.1A antrac\u012bt zem apmetuma ar r\u0101mi EMOS"},"content":{"rendered":"<p>viena ligzda ar aizsargtapu un USB izvadi, 2,1 A maks.<br \/>\nantrac\u012bta kr\u0101sa.<br \/>\nmont\u0101\u017eas metode kast\u0113 (papildu dzi\u013cums min. 40 mm).<br \/>\naizsardz\u012bba IP20.<br \/>\ndizains SCHUKO.<br \/>\ntips 250 V ~ \/ 16 A maks.<\/p>","protected":false},"excerpt":{"rendered":"<p>viena ligzda ar aizsargtapu un USB izvadi, 2,1 A maks. antrac\u012bta kr\u0101sa. mont\u0101\u017eas metode kast\u0113 (papildu dzi\u013cums min. 40 mm). aizsardz\u012bba IP20. dizains SCHUKO. tips 250 V ~ \/ 16 A maks.<\/p>\n","protected":false},"featured_media":30973,"comment_status":"closed","ping_status":"closed","template":"","meta":{"inline_featured_image":false},"product_cat":[1301],"product_tag":[],"yst_prominent_words":[],"class_list":{"0":"post-30950","1":"product","2":"type-product","3":"status-publish","4":"has-post-thumbnail","6":"product_cat-rozetes","8":"first","9":"instock","10":"taxable","11":"shipping-taxable","12":"purchasable","13":"product-type-simple"},"jetpack_sharing_enabled":true,"_links":{"self":[{"href":"https:\/\/ddt.lv\/lv\/wp-json\/wp\/v2\/product\/30950"}],"collection":[{"href":"https:\/\/ddt.lv\/lv\/wp-json\/wp\/v2\/product"}],"about":[{"href":"https:\/\/ddt.lv\/lv\/wp-json\/wp\/v2\/types\/product"}],"replies":[{"embeddable":true,"href":"https:\/\/ddt.lv\/lv\/wp-json\/wp\/v2\/comments?post=30950"}],"wp:featuredmedia":[{"embeddable":true,"href":"https:\/\/ddt.lv\/lv\/wp-json\/wp\/v2\/media\/30973"}],"wp:attachment":[{"href":"https:\/\/ddt.lv\/lv\/wp-json\/wp\/v2\/media?parent=30950"}],"wp:term":[{"taxonomy":"product_cat","embeddable":true,"href":"https:\/\/ddt.lv\/lv\/wp-json\/wp\/v2\/product_cat?post=30950"},{"taxonomy":"product_tag","embeddable":true,"href":"https:\/\/ddt.lv\/lv\/wp-json\/wp\/v2\/product_tag?post=30950"},{"taxonomy":"yst_prominent_words","embeddable":true,"href":"https:\/\/ddt.lv\/lv\/wp-json\/wp\/v2\/yst_prominent_words?post=30950"}],"curies":[{"name":"wp","href":"https:\/\/api.w.org\/{rel}","templated":true}]}}