{"id":30947,"date":"2021-12-08T12:50:15","date_gmt":"2021-12-08T10:50:15","guid":{"rendered":"https:\/\/ddt.lv\/lv\/product\/divpolu-sledzis-ar-taustinu-10a-ip20-antracits-ar-rami-emos\/"},"modified":"2026-04-08T14:40:31","modified_gmt":"2026-04-08T11:40:31","slug":"divpolu-sledzis-ar-taustinu-10a-ip20-antracits-ar-rami-emos","status":"publish","type":"product","link":"https:\/\/ddt.lv\/lv\/product\/divpolu-sledzis-ar-taustinu-10a-ip20-antracits-ar-rami-emos\/","title":{"rendered":"Divpolu sl\u0113dzis ar tausti\u0146u 10A IP20 antrac\u012bts ar r\u0101mi EMOS"},"content":{"rendered":"<p>lustras sl\u0113dzis &#8211; l\u012bnijas sl\u0113dzis.<br \/>\nantrac\u012bta kr\u0101sa.<br \/>\nsalik\u0161anas metode kast\u0113.<br \/>\naizsardz\u012bba IP20.<br \/>\ntipa 2 pogas.<br \/>\ntips 250 V ~ \/ 10 AX.<\/p>\n<p><\/p>","protected":false},"excerpt":{"rendered":"<p>lustras sl\u0113dzis &#8211; l\u012bnijas sl\u0113dzis. antrac\u012bta kr\u0101sa. salik\u0161anas metode kast\u0113. aizsardz\u012bba IP20. tipa 2 pogas. tips 250 V ~ \/ 10 AX.<\/p>\n","protected":false},"featured_media":30990,"comment_status":"closed","ping_status":"closed","template":"","meta":{"inline_featured_image":false},"product_cat":[1302],"product_tag":[],"yst_prominent_words":[],"class_list":{"0":"post-30947","1":"product","2":"type-product","3":"status-publish","4":"has-post-thumbnail","6":"product_cat-sledzi","8":"first","9":"outofstock","10":"taxable","11":"shipping-taxable","12":"purchasable","13":"product-type-simple"},"jetpack_sharing_enabled":true,"_links":{"self":[{"href":"https:\/\/ddt.lv\/lv\/wp-json\/wp\/v2\/product\/30947"}],"collection":[{"href":"https:\/\/ddt.lv\/lv\/wp-json\/wp\/v2\/product"}],"about":[{"href":"https:\/\/ddt.lv\/lv\/wp-json\/wp\/v2\/types\/product"}],"replies":[{"embeddable":true,"href":"https:\/\/ddt.lv\/lv\/wp-json\/wp\/v2\/comments?post=30947"}],"wp:featuredmedia":[{"embeddable":true,"href":"https:\/\/ddt.lv\/lv\/wp-json\/wp\/v2\/media\/30990"}],"wp:attachment":[{"href":"https:\/\/ddt.lv\/lv\/wp-json\/wp\/v2\/media?parent=30947"}],"wp:term":[{"taxonomy":"product_cat","embeddable":true,"href":"https:\/\/ddt.lv\/lv\/wp-json\/wp\/v2\/product_cat?post=30947"},{"taxonomy":"product_tag","embeddable":true,"href":"https:\/\/ddt.lv\/lv\/wp-json\/wp\/v2\/product_tag?post=30947"},{"taxonomy":"yst_prominent_words","embeddable":true,"href":"https:\/\/ddt.lv\/lv\/wp-json\/wp\/v2\/yst_prominent_words?post=30947"}],"curies":[{"name":"wp","href":"https:\/\/api.w.org\/{rel}","templated":true}]}}