{"id":30877,"date":"2021-12-06T13:50:15","date_gmt":"2021-12-06T11:50:15","guid":{"rendered":"https:\/\/ddt.lv\/lv\/product\/virtene-ziemassvetku-200led-3-6w-melna-cw-ww-ip44-20m-bluetooth-app-emos\/"},"modified":"2026-04-01T00:25:28","modified_gmt":"2026-03-31T21:25:28","slug":"virtene-ziemassvetku-200led-3-6w-melna-cw-ww-ip44-20m-bluetooth-app-emos","status":"publish","type":"product","link":"https:\/\/ddt.lv\/lv\/product\/virtene-ziemassvetku-200led-3-6w-melna-cw-ww-ip44-20m-bluetooth-app-emos\/","title":{"rendered":"Virtene Ziemassv\u0113tku 200LED 3.6W melna CW\/WW IP44 20m Bluetooth APP EMOS"},"content":{"rendered":"<p>Lietojumprogrammas vad\u012bt\u0101 Ziemassv\u0113tku LED gaismas \u0137\u0113de Emos ZY2189 APP 200 LED ar 3,6 W ieejas jaudu iedegas auksti vai silti balt\u0101 kr\u0101s\u0101. Pateicoties IP44 aizsardz\u012bbai, \u0137\u0113de ir piem\u0113rota lieto\u0161anai gan iek\u0161telp\u0101s, gan \u0101rpus t\u0101m. Tas pied\u0101v\u0101 200 gaismas diodes. Dio\u017eu kalpo\u0161anas laiks sasniedz 10 000 stundu. \u0136\u0113de ir 20 metrus gara.<br \/>\nLietojumprogrammu kontrole<\/p>\n<p>M\u016bsdien\u0101s ir likumsakar\u012bgi, ka arvien vair\u0101k lietu kontrol\u0113jam caur viedier\u012bc\u0113m. Ziemassv\u0113tku \u0137\u0113des nav iz\u0146\u0113mums. Vispirms atrodiet visas lietojumprogramm\u0101 eso\u0161\u0101s \u0137\u0113des un p\u0113c tam savienojiet t\u0101s p\u0101r\u012b ar lietojumprogrammu. P\u0113c tam varat nosaukt atsevi\u0161\u0137as \u0137\u0113des, piem\u0113ram, &#8220;d\u0101rzs&#8221;, &#8220;dz\u012bvojam\u0101 istaba&#8221; vai &#8220;virtuve&#8221;, lai prec\u012bzi zin\u0101tu, kuru komplektu kontrol\u0113jat. Varat vad\u012bt 7 \u0137\u0113des vienlaikus Android ier\u012bc\u0113s un v\u0113l vair\u0101k iOS ier\u012bc\u0113s.T\u0101lrun\u012b vai plan\u0161etdator\u0101 varat izv\u0113l\u0113ties k\u0101du no 8 da\u017e\u0101diem apgaismojuma re\u017e\u012bmiem vai pat iestat\u012bt aptum\u0161o\u0161anas l\u012bmeni. P\u0113c tam \u0137\u0113de var sp\u012bd\u0113t tikai ar 25%, 50% vai 75% intensit\u0101ti. Lietojumprogramm\u0101 varat iestat\u012bt ar\u012b gai\u0161o kr\u0101su no silti baltas l\u012bdz v\u0113sai baltai vai sajaukt abas kr\u0101sas.<br \/>\nPateicoties taimera funkcijai, uz katras \u0137\u0113des var izv\u0113l\u0113ties ar\u012b divus laika periodus, kuros t\u0101 katru dienu iedegsies un p\u0113c \u0161\u012b laika pati izsl\u0113gsies. Piem\u0113ram, varat iestat\u012bt, lai \u0137\u0113de iedegtos no 8:00 l\u012bdz 21:00 un p\u0113c tam no 17:00 l\u012bdz 22:00. Viss tie\u0161i p\u0113c j\u016bsu v\u0113lm\u0113m.<br \/>\n<\/p>","protected":false},"excerpt":{"rendered":"<p>Lietojumprogrammas vad\u012bt\u0101 Ziemassv\u0113tku LED gaismas \u0137\u0113de Emos ZY2189 APP 200 LED ar 3,6 W ieejas jaudu iedegas auksti vai silti balt\u0101 kr\u0101s\u0101. Pateicoties IP44 aizsardz\u012bbai, \u0137\u0113de ir piem\u0113rota lieto\u0161anai gan iek\u0161telp\u0101s, gan \u0101rpus t\u0101m. Tas pied\u0101v\u0101 200 gaismas diodes. Dio\u017eu kalpo\u0161anas laiks sasniedz 10 000 stundu. \u0136\u0113de ir 20 metrus gara. Lietojumprogrammu kontrole M\u016bsdien\u0101s ir [&hellip;]<\/p>\n","protected":false},"featured_media":30895,"comment_status":"closed","ping_status":"closed","template":"","meta":{"inline_featured_image":false},"product_cat":[772,912],"product_tag":[],"yst_prominent_words":[],"class_list":{"0":"post-30877","1":"product","2":"type-product","3":"status-publish","4":"has-post-thumbnail","6":"product_cat-atlaides","7":"product_cat-ara-virtenes","9":"first","10":"instock","11":"sale","12":"taxable","13":"shipping-taxable","14":"purchasable","15":"product-type-simple"},"jetpack_sharing_enabled":true,"_links":{"self":[{"href":"https:\/\/ddt.lv\/lv\/wp-json\/wp\/v2\/product\/30877"}],"collection":[{"href":"https:\/\/ddt.lv\/lv\/wp-json\/wp\/v2\/product"}],"about":[{"href":"https:\/\/ddt.lv\/lv\/wp-json\/wp\/v2\/types\/product"}],"replies":[{"embeddable":true,"href":"https:\/\/ddt.lv\/lv\/wp-json\/wp\/v2\/comments?post=30877"}],"wp:featuredmedia":[{"embeddable":true,"href":"https:\/\/ddt.lv\/lv\/wp-json\/wp\/v2\/media\/30895"}],"wp:attachment":[{"href":"https:\/\/ddt.lv\/lv\/wp-json\/wp\/v2\/media?parent=30877"}],"wp:term":[{"taxonomy":"product_cat","embeddable":true,"href":"https:\/\/ddt.lv\/lv\/wp-json\/wp\/v2\/product_cat?post=30877"},{"taxonomy":"product_tag","embeddable":true,"href":"https:\/\/ddt.lv\/lv\/wp-json\/wp\/v2\/product_tag?post=30877"},{"taxonomy":"yst_prominent_words","embeddable":true,"href":"https:\/\/ddt.lv\/lv\/wp-json\/wp\/v2\/yst_prominent_words?post=30877"}],"curies":[{"name":"wp","href":"https:\/\/api.w.org\/{rel}","templated":true}]}}