{"id":30875,"date":"2021-12-06T13:40:14","date_gmt":"2021-12-06T11:40:14","guid":{"rendered":"https:\/\/ddt.lv\/lv\/product\/virtene-ziemassvetku-500led-9-6w-balta-2700k-ip44-50m-emos\/"},"modified":"2026-04-13T10:01:23","modified_gmt":"2026-04-13T07:01:23","slug":"virtene-ziemassvetku-500led-9-6w-balta-2700k-ip44-50m-emos","status":"publish","type":"product","link":"https:\/\/ddt.lv\/lv\/product\/virtene-ziemassvetku-500led-9-6w-balta-2700k-ip44-50m-emos\/","title":{"rendered":"Virtene Ziemassv\u0113tku 500LED 9.6W balta 2700K IP44 50m EMOS"},"content":{"rendered":"<p>silti balta.<br \/>\nizm\u0113rs 50 m.<br \/>\nklasiska forma.<br \/>\nizmanto\u0161anai \u0101rpus telp\u0101m un iek\u0161telp\u0101s.<br \/>\ntaimeris .<br \/>\nstr\u0101vas tipa t\u012bkla adapteris.<br \/>\nLED skaits 500.<br \/>\nLED atstarpe 10 cm.<br \/>\nLED izm\u0113rs 5 mm.<br \/>\niepl\u016bdes garums 5 m.<br \/>\nkokam, kura augstums ir 300 cm.<br \/>\nstieples kr\u0101sa za\u013ca.<br \/>\nelektroener\u0123ijas pat\u0113ri\u0146\u0161 9 W.<br \/>\nieejas spriegums 230 V AC.<br \/>\nIP44 aizsardz\u012bba.<\/p>\n<p><\/p>","protected":false},"excerpt":{"rendered":"<p>silti balta. izm\u0113rs 50 m. klasiska forma. izmanto\u0161anai \u0101rpus telp\u0101m un iek\u0161telp\u0101s. taimeris . str\u0101vas tipa t\u012bkla adapteris. LED skaits 500. LED atstarpe 10 cm. LED izm\u0113rs 5 mm. iepl\u016bdes garums 5 m. kokam, kura augstums ir 300 cm. stieples kr\u0101sa za\u013ca. elektroener\u0123ijas pat\u0113ri\u0146\u0161 9 W. ieejas spriegums 230 V AC. IP44 aizsardz\u012bba.<\/p>\n","protected":false},"featured_media":30886,"comment_status":"closed","ping_status":"closed","template":"","meta":{"inline_featured_image":false},"product_cat":[772,912],"product_tag":[],"yst_prominent_words":[],"class_list":{"0":"post-30875","1":"product","2":"type-product","3":"status-publish","4":"has-post-thumbnail","6":"product_cat-atlaides","7":"product_cat-ara-virtenes","9":"first","10":"instock","11":"sale","12":"taxable","13":"shipping-taxable","14":"purchasable","15":"product-type-simple"},"jetpack_sharing_enabled":true,"_links":{"self":[{"href":"https:\/\/ddt.lv\/lv\/wp-json\/wp\/v2\/product\/30875"}],"collection":[{"href":"https:\/\/ddt.lv\/lv\/wp-json\/wp\/v2\/product"}],"about":[{"href":"https:\/\/ddt.lv\/lv\/wp-json\/wp\/v2\/types\/product"}],"replies":[{"embeddable":true,"href":"https:\/\/ddt.lv\/lv\/wp-json\/wp\/v2\/comments?post=30875"}],"wp:featuredmedia":[{"embeddable":true,"href":"https:\/\/ddt.lv\/lv\/wp-json\/wp\/v2\/media\/30886"}],"wp:attachment":[{"href":"https:\/\/ddt.lv\/lv\/wp-json\/wp\/v2\/media?parent=30875"}],"wp:term":[{"taxonomy":"product_cat","embeddable":true,"href":"https:\/\/ddt.lv\/lv\/wp-json\/wp\/v2\/product_cat?post=30875"},{"taxonomy":"product_tag","embeddable":true,"href":"https:\/\/ddt.lv\/lv\/wp-json\/wp\/v2\/product_tag?post=30875"},{"taxonomy":"yst_prominent_words","embeddable":true,"href":"https:\/\/ddt.lv\/lv\/wp-json\/wp\/v2\/yst_prominent_words?post=30875"}],"curies":[{"name":"wp","href":"https:\/\/api.w.org\/{rel}","templated":true}]}}