{"id":30832,"date":"2021-12-03T13:30:15","date_gmt":"2021-12-03T11:30:15","guid":{"rendered":"https:\/\/ddt.lv\/lv\/product\/led-transformators-12v-60w-ip20-futon-2\/"},"modified":"2026-04-01T00:11:36","modified_gmt":"2026-03-31T21:11:36","slug":"led-transformators-12v-60w-ip20-futon-2","status":"publish","type":"product","link":"https:\/\/ddt.lv\/lv\/product\/led-transformators-12v-60w-ip20-futon-2\/","title":{"rendered":"LED Transformators 12V 60W IP20 FUTON"},"content":{"rendered":"<p>Stabiliz\u0113ts izejas spriegums.<br \/>\nAizsardz\u012bba pret \u012bssavienojumu, p\u0101rslodzi, t\u012bkla sprieguma sv\u0101rst\u012bb\u0101m, temperat\u016bras izmai\u0146\u0101m.<br \/>\nModelis HRN-12V60W.<br \/>\nKorpuss Alum\u012bnijs.<br \/>\nIeejas spriegums 90-250V.<br \/>\nIzejas spriegums DC 12V.<br \/>\nIzejas jauda<br \/>\n60 W.<br \/>\nIP aizsardz\u012bbas klase IP33.<br \/>\nIzm\u0113rs (mm) 110 x 78 x 36.<\/p>","protected":false},"excerpt":{"rendered":"<p>Stabiliz\u0113ts izejas spriegums. Aizsardz\u012bba pret \u012bssavienojumu, p\u0101rslodzi, t\u012bkla sprieguma sv\u0101rst\u012bb\u0101m, temperat\u016bras izmai\u0146\u0101m. Modelis HRN-12V60W. Korpuss Alum\u012bnijs. Ieejas spriegums 90-250V. Izejas spriegums DC 12V. Izejas jauda 60 W. IP aizsardz\u012bbas klase IP33. Izm\u0113rs (mm) 110 x 78 x 36.<\/p>\n","protected":false},"featured_media":30836,"comment_status":"closed","ping_status":"closed","template":"","meta":{"inline_featured_image":false},"product_cat":[897],"product_tag":[],"yst_prominent_words":[],"class_list":{"0":"post-30832","1":"product","2":"type-product","3":"status-publish","4":"has-post-thumbnail","6":"product_cat-led-lentas-un-piederumi","8":"first","9":"instock","10":"taxable","11":"shipping-taxable","12":"purchasable","13":"product-type-simple"},"jetpack_sharing_enabled":true,"_links":{"self":[{"href":"https:\/\/ddt.lv\/lv\/wp-json\/wp\/v2\/product\/30832"}],"collection":[{"href":"https:\/\/ddt.lv\/lv\/wp-json\/wp\/v2\/product"}],"about":[{"href":"https:\/\/ddt.lv\/lv\/wp-json\/wp\/v2\/types\/product"}],"replies":[{"embeddable":true,"href":"https:\/\/ddt.lv\/lv\/wp-json\/wp\/v2\/comments?post=30832"}],"wp:featuredmedia":[{"embeddable":true,"href":"https:\/\/ddt.lv\/lv\/wp-json\/wp\/v2\/media\/30836"}],"wp:attachment":[{"href":"https:\/\/ddt.lv\/lv\/wp-json\/wp\/v2\/media?parent=30832"}],"wp:term":[{"taxonomy":"product_cat","embeddable":true,"href":"https:\/\/ddt.lv\/lv\/wp-json\/wp\/v2\/product_cat?post=30832"},{"taxonomy":"product_tag","embeddable":true,"href":"https:\/\/ddt.lv\/lv\/wp-json\/wp\/v2\/product_tag?post=30832"},{"taxonomy":"yst_prominent_words","embeddable":true,"href":"https:\/\/ddt.lv\/lv\/wp-json\/wp\/v2\/yst_prominent_words?post=30832"}],"curies":[{"name":"wp","href":"https:\/\/api.w.org\/{rel}","templated":true}]}}