{"id":30829,"date":"2021-12-03T13:30:13","date_gmt":"2021-12-03T11:30:13","guid":{"rendered":"https:\/\/ddt.lv\/lv\/product\/led-transformators-12v-200w-ip67-futon\/"},"modified":"2026-04-01T00:11:35","modified_gmt":"2026-03-31T21:11:35","slug":"led-transformators-12v-200w-ip67-futon","status":"publish","type":"product","link":"https:\/\/ddt.lv\/lv\/product\/led-transformators-12v-200w-ip67-futon\/","title":{"rendered":"LED Transformators 12V 200W IP67 FUTON"},"content":{"rendered":"<p>Stabiliz\u0113ts izejas spriegums.<br \/>\nAizsardz\u012bba pret \u012bssavienojumu, p\u0101rslodzi, t\u012bkla sprieguma sv\u0101rst\u012bb\u0101m, temperat\u016bras izmai\u0146\u0101m.<br \/>\nModelis HRW-12V200W.<br \/>\nKorpuss Alum\u012bnijs.<br \/>\nIeejas spriegums 110-260V.<br \/>\nIzejas spriegums 12V.<br \/>\nIzejas str\u0101va 16,7A.<br \/>\nIzejas jauda<br \/>\n200W.<br \/>\nIP aizsardz\u012bbas klase IP67.<br \/>\nIzm\u0113rs (mm) 240 x 68,5 x 4.<\/p>","protected":false},"excerpt":{"rendered":"<p>Stabiliz\u0113ts izejas spriegums. Aizsardz\u012bba pret \u012bssavienojumu, p\u0101rslodzi, t\u012bkla sprieguma sv\u0101rst\u012bb\u0101m, temperat\u016bras izmai\u0146\u0101m. Modelis HRW-12V200W. Korpuss Alum\u012bnijs. Ieejas spriegums 110-260V. Izejas spriegums 12V. Izejas str\u0101va 16,7A. Izejas jauda 200W. IP aizsardz\u012bbas klase IP67. Izm\u0113rs (mm) 240 x 68,5 x 4.<\/p>\n","protected":false},"featured_media":30844,"comment_status":"closed","ping_status":"closed","template":"","meta":{"inline_featured_image":false},"product_cat":[897],"product_tag":[],"yst_prominent_words":[],"class_list":{"0":"post-30829","1":"product","2":"type-product","3":"status-publish","4":"has-post-thumbnail","6":"product_cat-led-lentas-un-piederumi","8":"first","9":"instock","10":"taxable","11":"shipping-taxable","12":"purchasable","13":"product-type-simple"},"jetpack_sharing_enabled":true,"_links":{"self":[{"href":"https:\/\/ddt.lv\/lv\/wp-json\/wp\/v2\/product\/30829"}],"collection":[{"href":"https:\/\/ddt.lv\/lv\/wp-json\/wp\/v2\/product"}],"about":[{"href":"https:\/\/ddt.lv\/lv\/wp-json\/wp\/v2\/types\/product"}],"replies":[{"embeddable":true,"href":"https:\/\/ddt.lv\/lv\/wp-json\/wp\/v2\/comments?post=30829"}],"wp:featuredmedia":[{"embeddable":true,"href":"https:\/\/ddt.lv\/lv\/wp-json\/wp\/v2\/media\/30844"}],"wp:attachment":[{"href":"https:\/\/ddt.lv\/lv\/wp-json\/wp\/v2\/media?parent=30829"}],"wp:term":[{"taxonomy":"product_cat","embeddable":true,"href":"https:\/\/ddt.lv\/lv\/wp-json\/wp\/v2\/product_cat?post=30829"},{"taxonomy":"product_tag","embeddable":true,"href":"https:\/\/ddt.lv\/lv\/wp-json\/wp\/v2\/product_tag?post=30829"},{"taxonomy":"yst_prominent_words","embeddable":true,"href":"https:\/\/ddt.lv\/lv\/wp-json\/wp\/v2\/yst_prominent_words?post=30829"}],"curies":[{"name":"wp","href":"https:\/\/api.w.org\/{rel}","templated":true}]}}