{"id":29877,"date":"2021-11-25T12:20:28","date_gmt":"2021-11-25T10:20:28","guid":{"rendered":"https:\/\/ddt.lv\/lv\/product\/virtene-ziemassvetku-180led-ww-cw-ip44-18m-taimers-emos\/"},"modified":"2026-04-22T08:46:14","modified_gmt":"2026-04-22T05:46:14","slug":"virtene-ziemassvetku-180led-ww-cw-ip44-18m-taimers-emos","status":"publish","type":"product","link":"https:\/\/ddt.lv\/lv\/product\/virtene-ziemassvetku-180led-ww-cw-ip44-18m-taimers-emos\/","title":{"rendered":"Virtene Ziemassv\u0113tku 180LED WW\/CW IP44 18m+Taimers  EMOS"},"content":{"rendered":"<p>Virtene.<br \/>\nkr\u0101sa auksta \/ silti balta.<br \/>\nizm\u0113rs 18 m.<br \/>\nfunkcija iedegas\/mirgo.<br \/>\nklasiska forma.<br \/>\nizmanto\u0161anai \u0101rpus telp\u0101m un iek\u0161telp\u0101s.<br \/>\ntaimeris .<br \/>\nstr\u0101vas tipa t\u012bkla adapteris.<br \/>\nLED skaits 180.<br \/>\nLED atstarpe 10 cm.<br \/>\nLED izm\u0113rs 5 mm.<br \/>\nPievada garums 5 m. kokam, kura augstums ir 200 cm.<br \/>\nstieples kr\u0101sa melna.<br \/>\nener\u0123ijas pat\u0113ri\u0146\u0161 6 W.<br \/>\nieejas spriegums 230 V mai\u0146str\u0101va.<br \/>\nizejas spriegums 30 V DC.<br \/>\nIP44 aizsardz\u012bba.<br \/>\nkalpo\u0161anas laiks 10 000 stundas.<br \/>\nPVC materi\u0101ls.<\/p>","protected":false},"excerpt":{"rendered":"<div id=\"cw_countdown\">\n<div class=\"cw_countdown-text\">\n<p>          <!--\n          cw_axmascount();\n          \/\/--><\/div>\n<\/div>\n<p>&#8216;<\/p>\n","protected":false},"featured_media":29878,"comment_status":"closed","ping_status":"closed","template":"","meta":{"inline_featured_image":false},"product_cat":[772,912],"product_tag":[],"yst_prominent_words":[],"class_list":{"0":"post-29877","1":"product","2":"type-product","3":"status-publish","4":"has-post-thumbnail","6":"product_cat-atlaides","7":"product_cat-ara-virtenes","9":"first","10":"instock","11":"sale","12":"taxable","13":"shipping-taxable","14":"purchasable","15":"product-type-simple"},"jetpack_sharing_enabled":true,"_links":{"self":[{"href":"https:\/\/ddt.lv\/lv\/wp-json\/wp\/v2\/product\/29877"}],"collection":[{"href":"https:\/\/ddt.lv\/lv\/wp-json\/wp\/v2\/product"}],"about":[{"href":"https:\/\/ddt.lv\/lv\/wp-json\/wp\/v2\/types\/product"}],"replies":[{"embeddable":true,"href":"https:\/\/ddt.lv\/lv\/wp-json\/wp\/v2\/comments?post=29877"}],"wp:featuredmedia":[{"embeddable":true,"href":"https:\/\/ddt.lv\/lv\/wp-json\/wp\/v2\/media\/29878"}],"wp:attachment":[{"href":"https:\/\/ddt.lv\/lv\/wp-json\/wp\/v2\/media?parent=29877"}],"wp:term":[{"taxonomy":"product_cat","embeddable":true,"href":"https:\/\/ddt.lv\/lv\/wp-json\/wp\/v2\/product_cat?post=29877"},{"taxonomy":"product_tag","embeddable":true,"href":"https:\/\/ddt.lv\/lv\/wp-json\/wp\/v2\/product_tag?post=29877"},{"taxonomy":"yst_prominent_words","embeddable":true,"href":"https:\/\/ddt.lv\/lv\/wp-json\/wp\/v2\/yst_prominent_words?post=29877"}],"curies":[{"name":"wp","href":"https:\/\/api.w.org\/{rel}","templated":true}]}}