{"id":29875,"date":"2021-11-25T12:20:27","date_gmt":"2021-11-25T10:20:27","guid":{"rendered":"https:\/\/ddt.lv\/lv\/product\/virtene-5led-0-32w-zvaigznes-akrila-ww-ip20-1-4m-2xaa-taimers-emos\/"},"modified":"2026-04-01T00:21:20","modified_gmt":"2026-03-31T21:21:20","slug":"virtene-5led-0-32w-zvaigznes-akrila-ww-ip20-1-4m-2xaa-taimers-emos","status":"publish","type":"product","link":"https:\/\/ddt.lv\/lv\/product\/virtene-5led-0-32w-zvaigznes-akrila-ww-ip20-1-4m-2xaa-taimers-emos\/","title":{"rendered":"Virtene 5LED 0.32W zvaigznes akrila WW IP44 1.4m (2xAA) Taimers EMOS"},"content":{"rendered":"<p>Zvaigzne.<br \/>\nkr\u0101sa silti balta.<br \/>\nizm\u0113rs 30 cm.<br \/>\nizmanto\u0161anai \u0101rpus telp\u0101m un iek\u0161telp\u0101s.<br \/>\ntaimeris .<br \/>\n (3 \u00d7 AA).<br \/>\nLED apgaismojuma avots.<br \/>\nLED skaits 5<br \/>\nievades garums 0,5 m.<br \/>\nstieples kr\u0101sa melna.<br \/>\nelektroener\u0123ijas pat\u0113ri\u0146\u0161 0,32 W.<br \/>\nizejas spriegums 4,5 V DC.<br \/>\nIP44 aizsardz\u012bba.<br \/>\nkalpo\u0161anas laiks 10 000 stundas.<br \/>\nplastmasas materi\u0101ls .<\/p>","protected":false},"excerpt":{"rendered":"<p>Zvaigzne. kr\u0101sa silti balta. izm\u0113rs 30 cm. izmanto\u0161anai \u0101rpus telp\u0101m un iek\u0161telp\u0101s. taimeris . (3 \u00d7 AA). LED apgaismojuma avots. LED skaits 5 ievades garums 0,5 m. stieples kr\u0101sa melna. elektroener\u0123ijas pat\u0113ri\u0146\u0161 0,32 W. izejas spriegums 4,5 V DC. IP44 aizsardz\u012bba. kalpo\u0161anas laiks 10 000 stundas. plastmasas materi\u0101ls .<\/p>\n","protected":false},"featured_media":29883,"comment_status":"closed","ping_status":"closed","template":"","meta":{"inline_featured_image":false},"product_cat":[772,912],"product_tag":[],"yst_prominent_words":[],"class_list":{"0":"post-29875","1":"product","2":"type-product","3":"status-publish","4":"has-post-thumbnail","6":"product_cat-atlaides","7":"product_cat-ara-virtenes","9":"first","10":"instock","11":"sale","12":"taxable","13":"shipping-taxable","14":"purchasable","15":"product-type-simple"},"jetpack_sharing_enabled":true,"_links":{"self":[{"href":"https:\/\/ddt.lv\/lv\/wp-json\/wp\/v2\/product\/29875"}],"collection":[{"href":"https:\/\/ddt.lv\/lv\/wp-json\/wp\/v2\/product"}],"about":[{"href":"https:\/\/ddt.lv\/lv\/wp-json\/wp\/v2\/types\/product"}],"replies":[{"embeddable":true,"href":"https:\/\/ddt.lv\/lv\/wp-json\/wp\/v2\/comments?post=29875"}],"wp:featuredmedia":[{"embeddable":true,"href":"https:\/\/ddt.lv\/lv\/wp-json\/wp\/v2\/media\/29883"}],"wp:attachment":[{"href":"https:\/\/ddt.lv\/lv\/wp-json\/wp\/v2\/media?parent=29875"}],"wp:term":[{"taxonomy":"product_cat","embeddable":true,"href":"https:\/\/ddt.lv\/lv\/wp-json\/wp\/v2\/product_cat?post=29875"},{"taxonomy":"product_tag","embeddable":true,"href":"https:\/\/ddt.lv\/lv\/wp-json\/wp\/v2\/product_tag?post=29875"},{"taxonomy":"yst_prominent_words","embeddable":true,"href":"https:\/\/ddt.lv\/lv\/wp-json\/wp\/v2\/yst_prominent_words?post=29875"}],"curies":[{"name":"wp","href":"https:\/\/api.w.org\/{rel}","templated":true}]}}