{"id":29872,"date":"2021-11-25T12:20:26","date_gmt":"2021-11-25T10:20:26","guid":{"rendered":"https:\/\/ddt.lv\/lv\/product\/dekors-ziemassvetku-ciems-balts-6led-ip20-ww-16cm-2xaa-emos\/"},"modified":"2026-04-13T10:01:16","modified_gmt":"2026-04-13T07:01:16","slug":"dekors-ziemassvetku-ciems-balts-6led-ip20-ww-16cm-2xaa-emos","status":"publish","type":"product","link":"https:\/\/ddt.lv\/lv\/product\/dekors-ziemassvetku-ciems-balts-6led-ip20-ww-16cm-2xaa-emos\/","title":{"rendered":"Dekors Ziemassv\u0113tku CIEMS balts 6LED IP20 WW 16cm 2xAA EMOS"},"content":{"rendered":"<p>Ciems.<br \/>\nkr\u0101sa silti balta.<br \/>\nizm\u0113rs 30 \u00d7 14 \u00d7 16 cm.<br \/>\nlieto\u0161anai iek\u0161telp\u0101s.<br \/>\ntaimeris .<br \/>\n (2 \u00d7 AA).<br \/>\nLED apgaismojuma avots.<br \/>\nLED skaits 6.<br \/>\nstr\u0101vas pat\u0113ri\u0146\u0161 0,39 W.<br \/>\nizejas spriegums 3 V DC.<br \/>\nIP20 aizsardz\u012bba<br \/>\nkalpo\u0161anas laiks 10 000 stundas.<br \/>\nmateri\u0101ls koks .<\/p>","protected":false},"excerpt":{"rendered":"<p>Ciems. kr\u0101sa silti balta. izm\u0113rs 30 \u00d7 14 \u00d7 16 cm. lieto\u0161anai iek\u0161telp\u0101s. taimeris . (2 \u00d7 AA). LED apgaismojuma avots. LED skaits 6. str\u0101vas pat\u0113ri\u0146\u0161 0,39 W. izejas spriegums 3 V DC. IP20 aizsardz\u012bba kalpo\u0161anas laiks 10 000 stundas. materi\u0101ls koks .<\/p>\n","protected":false},"featured_media":29904,"comment_status":"closed","ping_status":"closed","template":"","meta":{"inline_featured_image":false},"product_cat":[772,913],"product_tag":[],"yst_prominent_words":[],"class_list":{"0":"post-29872","1":"product","2":"type-product","3":"status-publish","4":"has-post-thumbnail","6":"product_cat-atlaides","7":"product_cat-iekstelpu-dekori-led-virtenes-un-dekoracijas","9":"first","10":"instock","11":"sale","12":"taxable","13":"shipping-taxable","14":"purchasable","15":"product-type-simple"},"jetpack_sharing_enabled":true,"_links":{"self":[{"href":"https:\/\/ddt.lv\/lv\/wp-json\/wp\/v2\/product\/29872"}],"collection":[{"href":"https:\/\/ddt.lv\/lv\/wp-json\/wp\/v2\/product"}],"about":[{"href":"https:\/\/ddt.lv\/lv\/wp-json\/wp\/v2\/types\/product"}],"replies":[{"embeddable":true,"href":"https:\/\/ddt.lv\/lv\/wp-json\/wp\/v2\/comments?post=29872"}],"wp:featuredmedia":[{"embeddable":true,"href":"https:\/\/ddt.lv\/lv\/wp-json\/wp\/v2\/media\/29904"}],"wp:attachment":[{"href":"https:\/\/ddt.lv\/lv\/wp-json\/wp\/v2\/media?parent=29872"}],"wp:term":[{"taxonomy":"product_cat","embeddable":true,"href":"https:\/\/ddt.lv\/lv\/wp-json\/wp\/v2\/product_cat?post=29872"},{"taxonomy":"product_tag","embeddable":true,"href":"https:\/\/ddt.lv\/lv\/wp-json\/wp\/v2\/product_tag?post=29872"},{"taxonomy":"yst_prominent_words","embeddable":true,"href":"https:\/\/ddt.lv\/lv\/wp-json\/wp\/v2\/yst_prominent_words?post=29872"}],"curies":[{"name":"wp","href":"https:\/\/api.w.org\/{rel}","templated":true}]}}