{"id":29871,"date":"2021-11-25T12:20:25","date_gmt":"2021-11-25T10:20:25","guid":{"rendered":"https:\/\/ddt.lv\/lv\/product\/dekors-ziemassvetku-maja-5led-ip20-ww-15x25cm-2xaa-emos\/"},"modified":"2026-04-13T10:01:16","modified_gmt":"2026-04-13T07:01:16","slug":"dekors-ziemassvetku-maja-5led-ip20-ww-15x25cm-2xaa-emos","status":"publish","type":"product","link":"https:\/\/ddt.lv\/lv\/product\/dekors-ziemassvetku-maja-5led-ip20-ww-15x25cm-2xaa-emos\/","title":{"rendered":"Dekors Ziemassv\u0113tku M\u0100JA 5LED IP20 WW 15x25cm 2xAA EMOS"},"content":{"rendered":"<p>Maza m\u0101ji\u0146a.<br \/>\nkr\u0101sa silti balta.<br \/>\nizm\u0113rs 25 \u00d7 12 \u00d7 15 cm.<br \/>\nlieto\u0161anai iek\u0161telp\u0101s.<br \/>\ntaimeris .<br \/>\n (2 \u00d7 AAA).<br \/>\nLED apgaismojuma avots.<br \/>\nLED skaits 5.<br \/>\nener\u0123ijas pat\u0113ri\u0146\u0161 0,3 W.<br \/>\nizejas spriegums 3 V DC.<br \/>\nIP20 aizsardz\u012bba.<br \/>\nkalpo\u0161anas laiks 10 000 stundas. <\/p>","protected":false},"excerpt":{"rendered":"<p>Maza m\u0101ji\u0146a. kr\u0101sa silti balta. izm\u0113rs 25 \u00d7 12 \u00d7 15 cm. lieto\u0161anai iek\u0161telp\u0101s. taimeris . (2 \u00d7 AAA). LED apgaismojuma avots. LED skaits 5. ener\u0123ijas pat\u0113ri\u0146\u0161 0,3 W. izejas spriegums 3 V DC. IP20 aizsardz\u012bba. kalpo\u0161anas laiks 10 000 stundas.<\/p>\n","protected":false},"featured_media":29922,"comment_status":"closed","ping_status":"closed","template":"","meta":{"inline_featured_image":false},"product_cat":[772,913],"product_tag":[],"yst_prominent_words":[],"class_list":{"0":"post-29871","1":"product","2":"type-product","3":"status-publish","4":"has-post-thumbnail","6":"product_cat-atlaides","7":"product_cat-iekstelpu-dekori-led-virtenes-un-dekoracijas","9":"first","10":"instock","11":"sale","12":"taxable","13":"shipping-taxable","14":"purchasable","15":"product-type-simple"},"jetpack_sharing_enabled":true,"_links":{"self":[{"href":"https:\/\/ddt.lv\/lv\/wp-json\/wp\/v2\/product\/29871"}],"collection":[{"href":"https:\/\/ddt.lv\/lv\/wp-json\/wp\/v2\/product"}],"about":[{"href":"https:\/\/ddt.lv\/lv\/wp-json\/wp\/v2\/types\/product"}],"replies":[{"embeddable":true,"href":"https:\/\/ddt.lv\/lv\/wp-json\/wp\/v2\/comments?post=29871"}],"wp:featuredmedia":[{"embeddable":true,"href":"https:\/\/ddt.lv\/lv\/wp-json\/wp\/v2\/media\/29922"}],"wp:attachment":[{"href":"https:\/\/ddt.lv\/lv\/wp-json\/wp\/v2\/media?parent=29871"}],"wp:term":[{"taxonomy":"product_cat","embeddable":true,"href":"https:\/\/ddt.lv\/lv\/wp-json\/wp\/v2\/product_cat?post=29871"},{"taxonomy":"product_tag","embeddable":true,"href":"https:\/\/ddt.lv\/lv\/wp-json\/wp\/v2\/product_tag?post=29871"},{"taxonomy":"yst_prominent_words","embeddable":true,"href":"https:\/\/ddt.lv\/lv\/wp-json\/wp\/v2\/yst_prominent_words?post=29871"}],"curies":[{"name":"wp","href":"https:\/\/api.w.org\/{rel}","templated":true}]}}