{"id":29870,"date":"2021-11-25T12:20:25","date_gmt":"2021-11-25T10:20:25","guid":{"rendered":"https:\/\/ddt.lv\/lv\/product\/dekors-ziemassvetku-majina-koka-ww-3led-taimers-ip20-28-5cm-2xaa-emos\/"},"modified":"2026-04-22T08:46:13","modified_gmt":"2026-04-22T05:46:13","slug":"dekors-ziemassvetku-majina-koka-ww-3led-taimers-ip20-28-5cm-2xaa-emos","status":"publish","type":"product","link":"https:\/\/ddt.lv\/lv\/product\/dekors-ziemassvetku-majina-koka-ww-3led-taimers-ip20-28-5cm-2xaa-emos\/","title":{"rendered":"Dekors Ziemassv\u0113tku M\u0100JI\u0145A KOKA WW 3LED Taimers IP20 28.5cm 2xAA EMOS"},"content":{"rendered":"<p>Ziemassv\u0113tku nami\u0146\u0161 ar sniegav\u012briem no Emos ir \u012bstais Ziemassv\u0113tku rot\u0101jums, lai ienestu sv\u0113tku noska\u0146ojumu sav\u0101s m\u0101j\u0101s.<\/p>\n<p>Ziemassv\u0113tku nami\u0146\u0101 ir 3 LED spuldzes ar silti silti baltu gaismas kr\u0101su. Tam ir taimeris autom\u0101tiskai atk\u0101rtotai gaismas iesl\u0113g\u0161anai un izsl\u0113g\u0161anai. Apdare ir piem\u0113rota lieto\u0161anai iek\u0161telp\u0101s ar aizsardz\u012bbas pak\u0101pi IP20, augstums 28,5 cm un platums 16 cm. Ener\u0123ijas pat\u0113ri\u0146\u0161 ir 0,2 W. Baro\u0161anu nodro\u0161ina divas AA baterijas (nav iek\u013cautas komplekt\u0101cij\u0101).<\/p>","protected":false},"excerpt":{"rendered":"<p>Ziemassv\u0113tku nami\u0146\u0161 ar sniegav\u012briem no Emos ir \u012bstais Ziemassv\u0113tku rot\u0101jums, lai ienestu sv\u0113tku noska\u0146ojumu sav\u0101s m\u0101j\u0101s. Ziemassv\u0113tku nami\u0146\u0101 ir 3 LED spuldzes ar silti silti baltu gaismas kr\u0101su. Tam ir taimeris autom\u0101tiskai atk\u0101rtotai gaismas iesl\u0113g\u0161anai un izsl\u0113g\u0161anai. Apdare ir piem\u0113rota lieto\u0161anai iek\u0161telp\u0101s ar aizsardz\u012bbas pak\u0101pi IP20, augstums 28,5 cm un platums 16 cm. Ener\u0123ijas pat\u0113ri\u0146\u0161 [&hellip;]<\/p>\n","protected":false},"featured_media":29916,"comment_status":"closed","ping_status":"closed","template":"","meta":{"inline_featured_image":false},"product_cat":[772,913],"product_tag":[],"yst_prominent_words":[],"class_list":{"0":"post-29870","1":"product","2":"type-product","3":"status-publish","4":"has-post-thumbnail","6":"product_cat-atlaides","7":"product_cat-iekstelpu-dekori-led-virtenes-un-dekoracijas","9":"first","10":"instock","11":"sale","12":"taxable","13":"shipping-taxable","14":"purchasable","15":"product-type-simple"},"jetpack_sharing_enabled":true,"_links":{"self":[{"href":"https:\/\/ddt.lv\/lv\/wp-json\/wp\/v2\/product\/29870"}],"collection":[{"href":"https:\/\/ddt.lv\/lv\/wp-json\/wp\/v2\/product"}],"about":[{"href":"https:\/\/ddt.lv\/lv\/wp-json\/wp\/v2\/types\/product"}],"replies":[{"embeddable":true,"href":"https:\/\/ddt.lv\/lv\/wp-json\/wp\/v2\/comments?post=29870"}],"wp:featuredmedia":[{"embeddable":true,"href":"https:\/\/ddt.lv\/lv\/wp-json\/wp\/v2\/media\/29916"}],"wp:attachment":[{"href":"https:\/\/ddt.lv\/lv\/wp-json\/wp\/v2\/media?parent=29870"}],"wp:term":[{"taxonomy":"product_cat","embeddable":true,"href":"https:\/\/ddt.lv\/lv\/wp-json\/wp\/v2\/product_cat?post=29870"},{"taxonomy":"product_tag","embeddable":true,"href":"https:\/\/ddt.lv\/lv\/wp-json\/wp\/v2\/product_tag?post=29870"},{"taxonomy":"yst_prominent_words","embeddable":true,"href":"https:\/\/ddt.lv\/lv\/wp-json\/wp\/v2\/yst_prominent_words?post=29870"}],"curies":[{"name":"wp","href":"https:\/\/api.w.org\/{rel}","templated":true}]}}