{"id":29867,"date":"2021-11-25T12:20:24","date_gmt":"2021-11-25T10:20:24","guid":{"rendered":"https:\/\/ddt.lv\/lv\/product\/dekors-ziemassvetku-adventes-maja-ww-8led-ip20-2xaa-35x30-taimers-emos\/"},"modified":"2026-04-06T11:01:21","modified_gmt":"2026-04-06T08:01:21","slug":"dekors-ziemassvetku-adventes-maja-ww-8led-ip20-2xaa-35x30-taimers-emos","status":"publish","type":"product","link":"https:\/\/ddt.lv\/lv\/product\/dekors-ziemassvetku-adventes-maja-ww-8led-ip20-2xaa-35x30-taimers-emos\/","title":{"rendered":"Dekors Ziemassv\u0113tku ADVENTES M\u0100JA WW 8LED IP20 2xAA 35&#215;30 Taimers EMOS"},"content":{"rendered":"<p>ADVENTES M\u0100JA kalend\u0101rs.<br \/>\nkr\u0101sa silti balta.<br \/>\nizm\u0113rs 33 \u00d7 35 cm.<br \/>\nlieto\u0161anai iek\u0161telp\u0101s.<br \/>\ntaimeris . (2 \u00d7 AA).<br \/>\nLED apgaismojuma avots.<br \/>\nLED skaits 8.<br \/>\nener\u0123ijas pat\u0113ri\u0146\u0161 0,4 W.<br \/>\nizejas spriegums 3 V DC.<br \/>\nIP20 aizsardz\u012bba.<br \/>\nkalpo\u0161anas laiks 10 000 stundas .<\/p>","protected":false},"excerpt":{"rendered":"<p>ADVENTES M\u0100JA kalend\u0101rs. kr\u0101sa silti balta. izm\u0113rs 33 \u00d7 35 cm. lieto\u0161anai iek\u0161telp\u0101s. taimeris . (2 \u00d7 AA). LED apgaismojuma avots. LED skaits 8. ener\u0123ijas pat\u0113ri\u0146\u0161 0,4 W. izejas spriegums 3 V DC. IP20 aizsardz\u012bba. kalpo\u0161anas laiks 10 000 stundas .<\/p>\n","protected":false},"featured_media":29928,"comment_status":"closed","ping_status":"closed","template":"","meta":{"inline_featured_image":false},"product_cat":[772,913],"product_tag":[],"yst_prominent_words":[],"class_list":{"0":"post-29867","1":"product","2":"type-product","3":"status-publish","4":"has-post-thumbnail","6":"product_cat-atlaides","7":"product_cat-iekstelpu-dekori-led-virtenes-un-dekoracijas","9":"first","10":"instock","11":"sale","12":"taxable","13":"shipping-taxable","14":"purchasable","15":"product-type-simple"},"jetpack_sharing_enabled":true,"_links":{"self":[{"href":"https:\/\/ddt.lv\/lv\/wp-json\/wp\/v2\/product\/29867"}],"collection":[{"href":"https:\/\/ddt.lv\/lv\/wp-json\/wp\/v2\/product"}],"about":[{"href":"https:\/\/ddt.lv\/lv\/wp-json\/wp\/v2\/types\/product"}],"replies":[{"embeddable":true,"href":"https:\/\/ddt.lv\/lv\/wp-json\/wp\/v2\/comments?post=29867"}],"wp:featuredmedia":[{"embeddable":true,"href":"https:\/\/ddt.lv\/lv\/wp-json\/wp\/v2\/media\/29928"}],"wp:attachment":[{"href":"https:\/\/ddt.lv\/lv\/wp-json\/wp\/v2\/media?parent=29867"}],"wp:term":[{"taxonomy":"product_cat","embeddable":true,"href":"https:\/\/ddt.lv\/lv\/wp-json\/wp\/v2\/product_cat?post=29867"},{"taxonomy":"product_tag","embeddable":true,"href":"https:\/\/ddt.lv\/lv\/wp-json\/wp\/v2\/product_tag?post=29867"},{"taxonomy":"yst_prominent_words","embeddable":true,"href":"https:\/\/ddt.lv\/lv\/wp-json\/wp\/v2\/yst_prominent_words?post=29867"}],"curies":[{"name":"wp","href":"https:\/\/api.w.org\/{rel}","templated":true}]}}