{"id":29864,"date":"2021-11-25T12:20:23","date_gmt":"2021-11-25T10:20:23","guid":{"rendered":"https:\/\/ddt.lv\/lv\/product\/dekors-ziemassvetkku-egle-ww-20led-0-45w-ip20-52cm-3xaa-taimers-emos\/"},"modified":"2026-04-13T10:01:15","modified_gmt":"2026-04-13T07:01:15","slug":"dekors-ziemassvetkku-egle-ww-20led-0-45w-ip20-52cm-3xaa-taimers-emos","status":"publish","type":"product","link":"https:\/\/ddt.lv\/lv\/product\/dekors-ziemassvetkku-egle-ww-20led-0-45w-ip20-52cm-3xaa-taimers-emos\/","title":{"rendered":"Dekors Ziemassv\u0113tkku EGLE WW 20LED 0.45W IP20 52cm 3xAA+Taimers EMOS"},"content":{"rendered":"<p>Ziemassv\u0113tkku egle.<br \/>\nkr\u0101sa silti balta.<br \/>\nizm\u0113rs 52 cm.<br \/>\nlieto\u0161anai iek\u0161telp\u0101s.<br \/>\ntaimeris .(3 \u00d7 AA).<br \/>\nLED apgaismojuma avots.<br \/>\nLED skaits 20.<br \/>\nstr\u0101vas pat\u0113ri\u0146\u0161 0,6 W.<br \/>\nizejas spriegums 3 V DC.<br \/>\nIP20 aizsardz\u012bba.<br \/>\nkalpo\u0161anas laiks 10 000 stundas.<br \/>\nplastmasas materi\u0101ls .<\/p>","protected":false},"excerpt":{"rendered":"<p>Ziemassv\u0113tkku egle. kr\u0101sa silti balta. izm\u0113rs 52 cm. lieto\u0161anai iek\u0161telp\u0101s. taimeris .(3 \u00d7 AA). LED apgaismojuma avots. LED skaits 20. str\u0101vas pat\u0113ri\u0146\u0161 0,6 W. izejas spriegums 3 V DC. IP20 aizsardz\u012bba. kalpo\u0161anas laiks 10 000 stundas. plastmasas materi\u0101ls .<\/p>\n","protected":false},"featured_media":29943,"comment_status":"closed","ping_status":"closed","template":"","meta":{"inline_featured_image":false},"product_cat":[913],"product_tag":[],"yst_prominent_words":[],"class_list":{"0":"post-29864","1":"product","2":"type-product","3":"status-publish","4":"has-post-thumbnail","6":"product_cat-iekstelpu-dekori-led-virtenes-un-dekoracijas","8":"first","9":"outofstock","10":"taxable","11":"shipping-taxable","12":"purchasable","13":"product-type-simple"},"jetpack_sharing_enabled":true,"_links":{"self":[{"href":"https:\/\/ddt.lv\/lv\/wp-json\/wp\/v2\/product\/29864"}],"collection":[{"href":"https:\/\/ddt.lv\/lv\/wp-json\/wp\/v2\/product"}],"about":[{"href":"https:\/\/ddt.lv\/lv\/wp-json\/wp\/v2\/types\/product"}],"replies":[{"embeddable":true,"href":"https:\/\/ddt.lv\/lv\/wp-json\/wp\/v2\/comments?post=29864"}],"wp:featuredmedia":[{"embeddable":true,"href":"https:\/\/ddt.lv\/lv\/wp-json\/wp\/v2\/media\/29943"}],"wp:attachment":[{"href":"https:\/\/ddt.lv\/lv\/wp-json\/wp\/v2\/media?parent=29864"}],"wp:term":[{"taxonomy":"product_cat","embeddable":true,"href":"https:\/\/ddt.lv\/lv\/wp-json\/wp\/v2\/product_cat?post=29864"},{"taxonomy":"product_tag","embeddable":true,"href":"https:\/\/ddt.lv\/lv\/wp-json\/wp\/v2\/product_tag?post=29864"},{"taxonomy":"yst_prominent_words","embeddable":true,"href":"https:\/\/ddt.lv\/lv\/wp-json\/wp\/v2\/yst_prominent_words?post=29864"}],"curies":[{"name":"wp","href":"https:\/\/api.w.org\/{rel}","templated":true}]}}