{"id":29863,"date":"2021-11-25T12:20:22","date_gmt":"2021-11-25T10:20:22","guid":{"rendered":"https:\/\/ddt.lv\/lv\/product\/svece-projektors-led-balta-zvaigznes-ww-2w-ip20-usb-3xaaa-emos\/"},"modified":"2026-04-22T08:46:12","modified_gmt":"2026-04-22T05:46:12","slug":"svece-projektors-led-balta-zvaigznes-ww-2w-ip20-usb-3xaaa-emos","status":"publish","type":"product","link":"https:\/\/ddt.lv\/lv\/product\/svece-projektors-led-balta-zvaigznes-ww-2w-ip20-usb-3xaaa-emos\/","title":{"rendered":"SVECE PROJEKTORS LED balta zvaigznes WW 2W IP20 USB+3xAAA EMOS"},"content":{"rendered":"<p>Projektors.<br \/>\nrot\u0113jo\u0161as gaismas funkcija.<br \/>\n(3 \u00d7 AAA).<br \/>\nelektroener\u0123ijas pat\u0113ri\u0146\u0161 2 W.<br \/>\nizejas spriegums 4,5 V DC.<br \/>\nIP20 aizsardz\u012bba.<br \/>\nkalpo\u0161anas laiks 10 000 stundas.<br \/>\nplastmasas materi\u0101ls .<\/p>","protected":false},"excerpt":{"rendered":"<p>Projektors. rot\u0113jo\u0161as gaismas funkcija. (3 \u00d7 AAA). elektroener\u0123ijas pat\u0113ri\u0146\u0161 2 W. izejas spriegums 4,5 V DC. IP20 aizsardz\u012bba. kalpo\u0161anas laiks 10 000 stundas. plastmasas materi\u0101ls .<\/p>\n","protected":false},"featured_media":29953,"comment_status":"closed","ping_status":"closed","template":"","meta":{"inline_featured_image":false},"product_cat":[913],"product_tag":[],"yst_prominent_words":[],"class_list":{"0":"post-29863","1":"product","2":"type-product","3":"status-publish","4":"has-post-thumbnail","6":"product_cat-iekstelpu-dekori-led-virtenes-un-dekoracijas","8":"first","9":"instock","10":"taxable","11":"shipping-taxable","12":"purchasable","13":"product-type-simple"},"jetpack_sharing_enabled":true,"_links":{"self":[{"href":"https:\/\/ddt.lv\/lv\/wp-json\/wp\/v2\/product\/29863"}],"collection":[{"href":"https:\/\/ddt.lv\/lv\/wp-json\/wp\/v2\/product"}],"about":[{"href":"https:\/\/ddt.lv\/lv\/wp-json\/wp\/v2\/types\/product"}],"replies":[{"embeddable":true,"href":"https:\/\/ddt.lv\/lv\/wp-json\/wp\/v2\/comments?post=29863"}],"wp:featuredmedia":[{"embeddable":true,"href":"https:\/\/ddt.lv\/lv\/wp-json\/wp\/v2\/media\/29953"}],"wp:attachment":[{"href":"https:\/\/ddt.lv\/lv\/wp-json\/wp\/v2\/media?parent=29863"}],"wp:term":[{"taxonomy":"product_cat","embeddable":true,"href":"https:\/\/ddt.lv\/lv\/wp-json\/wp\/v2\/product_cat?post=29863"},{"taxonomy":"product_tag","embeddable":true,"href":"https:\/\/ddt.lv\/lv\/wp-json\/wp\/v2\/product_tag?post=29863"},{"taxonomy":"yst_prominent_words","embeddable":true,"href":"https:\/\/ddt.lv\/lv\/wp-json\/wp\/v2\/yst_prominent_words?post=29863"}],"curies":[{"name":"wp","href":"https:\/\/api.w.org\/{rel}","templated":true}]}}