{"id":29861,"date":"2021-11-25T12:10:34","date_gmt":"2021-11-25T10:10:34","guid":{"rendered":"https:\/\/ddt.lv\/lv\/product\/figura-zimassvetki-tris-sniegaviri-9led-5w-1-8m-rgb-ip44-230v-emos\/"},"modified":"2026-04-08T14:41:07","modified_gmt":"2026-04-08T11:41:07","slug":"figura-zimassvetki-tris-sniegaviri-9led-5w-1-8m-rgb-ip44-230v-emos","status":"publish","type":"product","link":"https:\/\/ddt.lv\/lv\/product\/figura-ziemassvetki-tris-sniegaviri-9led-5w-1-8m-rgb-ip44-230v-emos\/","title":{"rendered":"Fig\u016bra Ziemassv\u0113tki TR\u012aS SNIEGAV\u012aRI 9LED 5W 1.8m  RGB IP44 230V EMOS"},"content":{"rendered":"<p>LED tehnolo\u0123ija.<br \/>\nRGB gaismas kr\u0101sa<br \/>\nzvaig\u017e\u0146oto debesu raksts.<br \/>\nizmanto\u0161anai \u0101rpus telp\u0101m un iek\u0161telp\u0101s.<br \/>\nrot\u0113jo\u0161as gaismas funkcija.<br \/>\nstr\u0101vas tipa t\u012bkla adapteris.<br \/>\niepl\u016bdes garums 3 m.<br \/>\nener\u0123ijas pat\u0113ri\u0146\u0161 5 W.<br \/>\nieejas spriegums 230 V ~.<br \/>\nizejas spriegums 5 V DC.<br \/>\nIP44 aizsardz\u012bba.<br \/>\nkalpo\u0161anas laiks 10 000 stundas.<br \/>\nplastmasas materi\u0101ls .<\/p>","protected":false},"excerpt":{"rendered":"<p>LED tehnolo\u0123ija. RGB gaismas kr\u0101sa zvaig\u017e\u0146oto debesu raksts. izmanto\u0161anai \u0101rpus telp\u0101m un iek\u0161telp\u0101s. rot\u0113jo\u0161as gaismas funkcija. str\u0101vas tipa t\u012bkla adapteris. iepl\u016bdes garums 3 m. ener\u0123ijas pat\u0113ri\u0146\u0161 5 W. ieejas spriegums 230 V ~. izejas spriegums 5 V DC. IP44 aizsardz\u012bba. kalpo\u0161anas laiks 10 000 stundas. plastmasas materi\u0101ls .<\/p>\n","protected":false},"featured_media":29969,"comment_status":"closed","ping_status":"closed","template":"","meta":{"inline_featured_image":false},"product_cat":[772,914],"product_tag":[],"yst_prominent_words":[],"class_list":{"0":"post-29861","1":"product","2":"type-product","3":"status-publish","4":"has-post-thumbnail","6":"product_cat-atlaides","7":"product_cat-ara-dekori-projektori","9":"first","10":"instock","11":"sale","12":"taxable","13":"shipping-taxable","14":"purchasable","15":"product-type-simple"},"jetpack_sharing_enabled":true,"_links":{"self":[{"href":"https:\/\/ddt.lv\/lv\/wp-json\/wp\/v2\/product\/29861"}],"collection":[{"href":"https:\/\/ddt.lv\/lv\/wp-json\/wp\/v2\/product"}],"about":[{"href":"https:\/\/ddt.lv\/lv\/wp-json\/wp\/v2\/types\/product"}],"replies":[{"embeddable":true,"href":"https:\/\/ddt.lv\/lv\/wp-json\/wp\/v2\/comments?post=29861"}],"wp:featuredmedia":[{"embeddable":true,"href":"https:\/\/ddt.lv\/lv\/wp-json\/wp\/v2\/media\/29969"}],"wp:attachment":[{"href":"https:\/\/ddt.lv\/lv\/wp-json\/wp\/v2\/media?parent=29861"}],"wp:term":[{"taxonomy":"product_cat","embeddable":true,"href":"https:\/\/ddt.lv\/lv\/wp-json\/wp\/v2\/product_cat?post=29861"},{"taxonomy":"product_tag","embeddable":true,"href":"https:\/\/ddt.lv\/lv\/wp-json\/wp\/v2\/product_tag?post=29861"},{"taxonomy":"yst_prominent_words","embeddable":true,"href":"https:\/\/ddt.lv\/lv\/wp-json\/wp\/v2\/yst_prominent_words?post=29861"}],"curies":[{"name":"wp","href":"https:\/\/api.w.org\/{rel}","templated":true}]}}