{"id":29859,"date":"2021-11-25T12:10:33","date_gmt":"2021-11-25T10:10:33","guid":{"rendered":"https:\/\/ddt.lv\/lv\/product\/projektors-led-sniegparslas-baltas-cw-3-6w-ip44-230v-emos\/"},"modified":"2026-04-08T14:41:07","modified_gmt":"2026-04-08T11:41:07","slug":"projektors-led-sniegparslas-baltas-cw-3-6w-ip44-230v-emos","status":"publish","type":"product","link":"https:\/\/ddt.lv\/lv\/product\/projektors-led-sniegparslas-baltas-cw-3-6w-ip44-230v-emos\/","title":{"rendered":"PROJEKTORS LED sniegp\u0101rslas baltas CW 3.6W IP44 230V EMOS"},"content":{"rendered":"<p>LED tehnolo\u0123ija.<br \/>\nkr\u0101sa auksti balta.<br \/>\nsniegp\u0101rslu raksts.<br \/>\nizmanto\u0161anai \u0101rpus telp\u0101m un iek\u0161telp\u0101s.<br \/>\nrot\u0113jo\u0161as gaismas funkcija.<br \/>\nstr\u0101vas tipa t\u012bkla adapteris.<br \/>\niepl\u016bdes garums 3 m.<br \/>\nener\u0123ijas pat\u0113ri\u0146\u0161 3,6 W.<br \/>\nieejas spriegums 230 V ~.<br \/>\nizejas spriegums 14 V DC.<br \/>\nIP44 aizsardz\u012bba.<br \/>\nkalpo\u0161anas laiks 10 000 stundas.<br \/>\nplastmasas materi\u0101ls .<\/p>","protected":false},"excerpt":{"rendered":"<p>LED tehnolo\u0123ija. kr\u0101sa auksti balta. sniegp\u0101rslu raksts. izmanto\u0161anai \u0101rpus telp\u0101m un iek\u0161telp\u0101s. rot\u0113jo\u0161as gaismas funkcija. str\u0101vas tipa t\u012bkla adapteris. iepl\u016bdes garums 3 m. ener\u0123ijas pat\u0113ri\u0146\u0161 3,6 W. ieejas spriegums 230 V ~. izejas spriegums 14 V DC. IP44 aizsardz\u012bba. kalpo\u0161anas laiks 10 000 stundas. plastmasas materi\u0101ls .<\/p>\n","protected":false},"featured_media":29979,"comment_status":"closed","ping_status":"closed","template":"","meta":{"inline_featured_image":false},"product_cat":[914],"product_tag":[],"yst_prominent_words":[],"class_list":{"0":"post-29859","1":"product","2":"type-product","3":"status-publish","4":"has-post-thumbnail","6":"product_cat-ara-dekori-projektori","8":"first","9":"instock","10":"taxable","11":"shipping-taxable","12":"purchasable","13":"product-type-simple"},"jetpack_sharing_enabled":true,"_links":{"self":[{"href":"https:\/\/ddt.lv\/lv\/wp-json\/wp\/v2\/product\/29859"}],"collection":[{"href":"https:\/\/ddt.lv\/lv\/wp-json\/wp\/v2\/product"}],"about":[{"href":"https:\/\/ddt.lv\/lv\/wp-json\/wp\/v2\/types\/product"}],"replies":[{"embeddable":true,"href":"https:\/\/ddt.lv\/lv\/wp-json\/wp\/v2\/comments?post=29859"}],"wp:featuredmedia":[{"embeddable":true,"href":"https:\/\/ddt.lv\/lv\/wp-json\/wp\/v2\/media\/29979"}],"wp:attachment":[{"href":"https:\/\/ddt.lv\/lv\/wp-json\/wp\/v2\/media?parent=29859"}],"wp:term":[{"taxonomy":"product_cat","embeddable":true,"href":"https:\/\/ddt.lv\/lv\/wp-json\/wp\/v2\/product_cat?post=29859"},{"taxonomy":"product_tag","embeddable":true,"href":"https:\/\/ddt.lv\/lv\/wp-json\/wp\/v2\/product_tag?post=29859"},{"taxonomy":"yst_prominent_words","embeddable":true,"href":"https:\/\/ddt.lv\/lv\/wp-json\/wp\/v2\/yst_prominent_words?post=29859"}],"curies":[{"name":"wp","href":"https:\/\/api.w.org\/{rel}","templated":true}]}}