{"id":29856,"date":"2021-11-25T12:10:32","date_gmt":"2021-11-25T10:10:32","guid":{"rendered":"https:\/\/ddt.lv\/lv\/product\/figura-ziemassvetku-telefona-kabine-25cm-3xaa-ip20-ww-taimeris-emos\/"},"modified":"2026-04-01T00:21:16","modified_gmt":"2026-03-31T21:21:16","slug":"figura-ziemassvetku-telefona-kabine-25cm-3xaa-ip20-ww-taimeris-emos","status":"publish","type":"product","link":"https:\/\/ddt.lv\/lv\/product\/figura-ziemassvetku-telefona-kabine-25cm-3xaa-ip20-ww-taimeris-emos\/","title":{"rendered":"Fig\u016bra Ziemassv\u0113tku Telefona kab\u012bne 25cm 3xAA IP20 WW taimeris EMOS"},"content":{"rendered":"<p>taksofons.<br \/>\nkr\u0101sa silti balta.<br \/>\nizm\u0113rs 10 \u00d7 10 \u00d7 25 cm.<br \/>\nlieto\u0161anai iek\u0161telp\u0101s.<br \/>\ntaimeris .<br \/>\n(3 \u00d7 AA).<br \/>\nLED apgaismojuma avots.<br \/>\nLED skaits 1.<br \/>\nener\u0123ijas pat\u0113ri\u0146\u0161 1 W.<br \/>\nizejas spriegums 4,5 V DC.<br \/>\nIP20 aizsardz\u012bba.<br \/>\nkalpo\u0161anas laiks 10 000 stundas.<br \/>\nplastmasas materi\u0101ls .<\/p>","protected":false},"excerpt":{"rendered":"<p>taksofons. kr\u0101sa silti balta. izm\u0113rs 10 \u00d7 10 \u00d7 25 cm. lieto\u0161anai iek\u0161telp\u0101s. taimeris . (3 \u00d7 AA). LED apgaismojuma avots. LED skaits 1. ener\u0123ijas pat\u0113ri\u0146\u0161 1 W. izejas spriegums 4,5 V DC. IP20 aizsardz\u012bba. kalpo\u0161anas laiks 10 000 stundas. plastmasas materi\u0101ls .<\/p>\n","protected":false},"featured_media":29986,"comment_status":"closed","ping_status":"closed","template":"","meta":{"inline_featured_image":false},"product_cat":[913],"product_tag":[],"yst_prominent_words":[],"class_list":{"0":"post-29856","1":"product","2":"type-product","3":"status-publish","4":"has-post-thumbnail","6":"product_cat-iekstelpu-dekori-led-virtenes-un-dekoracijas","8":"first","9":"outofstock","10":"taxable","11":"shipping-taxable","12":"purchasable","13":"product-type-simple"},"jetpack_sharing_enabled":true,"_links":{"self":[{"href":"https:\/\/ddt.lv\/lv\/wp-json\/wp\/v2\/product\/29856"}],"collection":[{"href":"https:\/\/ddt.lv\/lv\/wp-json\/wp\/v2\/product"}],"about":[{"href":"https:\/\/ddt.lv\/lv\/wp-json\/wp\/v2\/types\/product"}],"replies":[{"embeddable":true,"href":"https:\/\/ddt.lv\/lv\/wp-json\/wp\/v2\/comments?post=29856"}],"wp:featuredmedia":[{"embeddable":true,"href":"https:\/\/ddt.lv\/lv\/wp-json\/wp\/v2\/media\/29986"}],"wp:attachment":[{"href":"https:\/\/ddt.lv\/lv\/wp-json\/wp\/v2\/media?parent=29856"}],"wp:term":[{"taxonomy":"product_cat","embeddable":true,"href":"https:\/\/ddt.lv\/lv\/wp-json\/wp\/v2\/product_cat?post=29856"},{"taxonomy":"product_tag","embeddable":true,"href":"https:\/\/ddt.lv\/lv\/wp-json\/wp\/v2\/product_tag?post=29856"},{"taxonomy":"yst_prominent_words","embeddable":true,"href":"https:\/\/ddt.lv\/lv\/wp-json\/wp\/v2\/yst_prominent_words?post=29856"}],"curies":[{"name":"wp","href":"https:\/\/api.w.org\/{rel}","templated":true}]}}