{"id":29854,"date":"2021-11-25T12:10:31","date_gmt":"2021-11-25T10:10:31","guid":{"rendered":"https:\/\/ddt.lv\/lv\/product\/figura-ziemassvetku-baznica-17led-3xaa-26cm-ip20-ww-emos\/"},"modified":"2026-04-01T00:21:15","modified_gmt":"2026-03-31T21:21:15","slug":"figura-ziemassvetku-baznica-17led-3xaa-26cm-ip20-ww-emos","status":"publish","type":"product","link":"https:\/\/ddt.lv\/lv\/product\/figura-ziemassvetku-baznica-17led-3xaa-26cm-ip20-ww-emos\/","title":{"rendered":"Fig\u016bra Ziemassv\u0113tku Bazn\u012bca 17LED 3xAA 26cm IP20 WW EMOS"},"content":{"rendered":"<p>Maza bazn\u012bca. kr\u0101sa silti balta.<br \/>\nizm\u0113rs 26 \u00d7 16 \u00d7 29 cm.<br \/>\nlieto\u0161anai iek\u0161telp\u0101s.<br \/>\n (3 \u00d7 AA).<br \/>\nLED apgaismojuma avots.<br \/>\nLED skaits 17.<br \/>\nstr\u0101vas pat\u0113ri\u0146\u0161 0,45 W.<br \/>\nizejas spriegums 4,5 V DC.<br \/>\nIP20 aizsardz\u012bba.<br \/>\nkalpo\u0161anas laiks 10 000 stundas .<\/p>","protected":false},"excerpt":{"rendered":"<p>Maza bazn\u012bca. kr\u0101sa silti balta. izm\u0113rs 26 \u00d7 16 \u00d7 29 cm. lieto\u0161anai iek\u0161telp\u0101s. (3 \u00d7 AA). LED apgaismojuma avots. LED skaits 17. str\u0101vas pat\u0113ri\u0146\u0161 0,45 W. izejas spriegums 4,5 V DC. IP20 aizsardz\u012bba. kalpo\u0161anas laiks 10 000 stundas .<\/p>\n","protected":false},"featured_media":30484,"comment_status":"closed","ping_status":"closed","template":"","meta":{"inline_featured_image":false},"product_cat":[913],"product_tag":[],"yst_prominent_words":[],"class_list":{"0":"post-29854","1":"product","2":"type-product","3":"status-publish","4":"has-post-thumbnail","6":"product_cat-iekstelpu-dekori-led-virtenes-un-dekoracijas","8":"first","9":"outofstock","10":"taxable","11":"shipping-taxable","12":"purchasable","13":"product-type-simple"},"jetpack_sharing_enabled":true,"_links":{"self":[{"href":"https:\/\/ddt.lv\/lv\/wp-json\/wp\/v2\/product\/29854"}],"collection":[{"href":"https:\/\/ddt.lv\/lv\/wp-json\/wp\/v2\/product"}],"about":[{"href":"https:\/\/ddt.lv\/lv\/wp-json\/wp\/v2\/types\/product"}],"replies":[{"embeddable":true,"href":"https:\/\/ddt.lv\/lv\/wp-json\/wp\/v2\/comments?post=29854"}],"wp:featuredmedia":[{"embeddable":true,"href":"https:\/\/ddt.lv\/lv\/wp-json\/wp\/v2\/media\/30484"}],"wp:attachment":[{"href":"https:\/\/ddt.lv\/lv\/wp-json\/wp\/v2\/media?parent=29854"}],"wp:term":[{"taxonomy":"product_cat","embeddable":true,"href":"https:\/\/ddt.lv\/lv\/wp-json\/wp\/v2\/product_cat?post=29854"},{"taxonomy":"product_tag","embeddable":true,"href":"https:\/\/ddt.lv\/lv\/wp-json\/wp\/v2\/product_tag?post=29854"},{"taxonomy":"yst_prominent_words","embeddable":true,"href":"https:\/\/ddt.lv\/lv\/wp-json\/wp\/v2\/yst_prominent_words?post=29854"}],"curies":[{"name":"wp","href":"https:\/\/api.w.org\/{rel}","templated":true}]}}