{"id":29853,"date":"2021-11-25T12:10:31","date_gmt":"2021-11-25T10:10:31","guid":{"rendered":"https:\/\/ddt.lv\/lv\/product\/figura-ziemassvetku-ciemats-20x38cm-ww-230v-emos\/"},"modified":"2026-04-22T08:46:10","modified_gmt":"2026-04-22T05:46:10","slug":"figura-ziemassvetku-ciemats-20x38cm-ww-230v-emos","status":"publish","type":"product","link":"https:\/\/ddt.lv\/lv\/product\/figura-ziemassvetku-ciemats-20x38cm-ww-230v-emos\/","title":{"rendered":"Fig\u016bra Ziemassv\u0113tku Ciemats 20x38cm WW 230V EMOS"},"content":{"rendered":"<p>Ziemassv\u0113tku Ciemats. kr\u0101sa silti balta.<br \/>\nizm\u0113rs 38 \u00d7 20 \u00d7 20 cm.<br \/>\nlieto\u0161anai iek\u0161telp\u0101s.<br \/>\nLED apgaismojuma avots.<br \/>\nLED skaits 15.<br \/>\niepl\u016bdes garums 1,8 m.<br \/>\nstieples kr\u0101sa balta.<br \/>\nener\u0123ijas pat\u0113ri\u0146\u0161 1 W.<br \/>\nieejas spriegums 230 V mai\u0146str\u0101va.<\/p>\n<p>IP20 aizsardz\u012bba.<br \/>\nkalpo\u0161anas laiks 10 000 stundas .<\/p>","protected":false},"excerpt":{"rendered":"<p>Ziemassv\u0113tku Ciemats. kr\u0101sa silti balta. izm\u0113rs 38 \u00d7 20 \u00d7 20 cm. lieto\u0161anai iek\u0161telp\u0101s. LED apgaismojuma avots. LED skaits 15. iepl\u016bdes garums 1,8 m. stieples kr\u0101sa balta. ener\u0123ijas pat\u0113ri\u0146\u0161 1 W. ieejas spriegums 230 V mai\u0146str\u0101va. IP20 aizsardz\u012bba. kalpo\u0161anas laiks 10 000 stundas .<\/p>\n","protected":false},"featured_media":30490,"comment_status":"closed","ping_status":"closed","template":"","meta":{"inline_featured_image":false},"product_cat":[772,913],"product_tag":[],"yst_prominent_words":[],"class_list":{"0":"post-29853","1":"product","2":"type-product","3":"status-publish","4":"has-post-thumbnail","6":"product_cat-atlaides","7":"product_cat-iekstelpu-dekori-led-virtenes-un-dekoracijas","9":"first","10":"instock","11":"sale","12":"taxable","13":"shipping-taxable","14":"purchasable","15":"product-type-simple"},"jetpack_sharing_enabled":true,"_links":{"self":[{"href":"https:\/\/ddt.lv\/lv\/wp-json\/wp\/v2\/product\/29853"}],"collection":[{"href":"https:\/\/ddt.lv\/lv\/wp-json\/wp\/v2\/product"}],"about":[{"href":"https:\/\/ddt.lv\/lv\/wp-json\/wp\/v2\/types\/product"}],"replies":[{"embeddable":true,"href":"https:\/\/ddt.lv\/lv\/wp-json\/wp\/v2\/comments?post=29853"}],"wp:featuredmedia":[{"embeddable":true,"href":"https:\/\/ddt.lv\/lv\/wp-json\/wp\/v2\/media\/30490"}],"wp:attachment":[{"href":"https:\/\/ddt.lv\/lv\/wp-json\/wp\/v2\/media?parent=29853"}],"wp:term":[{"taxonomy":"product_cat","embeddable":true,"href":"https:\/\/ddt.lv\/lv\/wp-json\/wp\/v2\/product_cat?post=29853"},{"taxonomy":"product_tag","embeddable":true,"href":"https:\/\/ddt.lv\/lv\/wp-json\/wp\/v2\/product_tag?post=29853"},{"taxonomy":"yst_prominent_words","embeddable":true,"href":"https:\/\/ddt.lv\/lv\/wp-json\/wp\/v2\/yst_prominent_words?post=29853"}],"curies":[{"name":"wp","href":"https:\/\/api.w.org\/{rel}","templated":true}]}}