{"id":29851,"date":"2021-11-25T12:10:30","date_gmt":"2021-11-25T10:10:30","guid":{"rendered":"https:\/\/ddt.lv\/lv\/product\/figura-zimassvetku-davanas-3-izmera-zelta-ww-ip20-230v-emos\/"},"modified":"2026-04-22T08:46:10","modified_gmt":"2026-04-22T05:46:10","slug":"figura-zimassvetku-davanas-3-izmera-zelta-ww-ip20-230v-emos","status":"publish","type":"product","link":"https:\/\/ddt.lv\/lv\/product\/figura-zimassvetku-davanas-3-izmera-zelta-ww-ip20-230v-emos\/","title":{"rendered":"Fig\u016bra Zimassv\u0113tku D\u0101vanas 3 izm\u0113ra zelta WW IP20 230V EMOS"},"content":{"rendered":"<p>D\u0101vanas. kr\u0101sa silti balta.<br \/>\nizm\u0113rs 15\/20\/25 \u00d7 15\/20\/25 cm.<br \/>\nlieto\u0161anai iek\u0161telp\u0101s.<br \/>\nstr\u0101vas tipa t\u012bkla adapteris.<br \/>\nLED apgaismojuma avots.<br \/>\nLED skaits 72.<br \/>\niepl\u016bdes garums 3 m.<br \/>\nstieples kr\u0101sa caursp\u012bd\u012bga.<br \/>\nstr\u0101vas pat\u0113ri\u0146\u0161 1,35 W.<br \/>\nieejas spriegums 230 V mai\u0146str\u0101va.<br \/>\nizejas spriegums 4,5 V DC.<br \/>\nIP20 aizsardz\u012bba;<br \/>\nkalpo\u0161anas laiks 10 000 stundas.<br \/>\nmateri\u0101ls met\u0101ls .<\/p>","protected":false},"excerpt":{"rendered":"<p>D\u0101vanas. kr\u0101sa silti balta. izm\u0113rs 15\/20\/25 \u00d7 15\/20\/25 cm. lieto\u0161anai iek\u0161telp\u0101s. str\u0101vas tipa t\u012bkla adapteris. LED apgaismojuma avots. LED skaits 72. iepl\u016bdes garums 3 m. stieples kr\u0101sa caursp\u012bd\u012bga. str\u0101vas pat\u0113ri\u0146\u0161 1,35 W. ieejas spriegums 230 V mai\u0146str\u0101va. izejas spriegums 4,5 V DC. IP20 aizsardz\u012bba; kalpo\u0161anas laiks 10 000 stundas. materi\u0101ls met\u0101ls .<\/p>\n","protected":false},"featured_media":30496,"comment_status":"closed","ping_status":"closed","template":"","meta":{"inline_featured_image":false},"product_cat":[772,913],"product_tag":[],"yst_prominent_words":[],"class_list":{"0":"post-29851","1":"product","2":"type-product","3":"status-publish","4":"has-post-thumbnail","6":"product_cat-atlaides","7":"product_cat-iekstelpu-dekori-led-virtenes-un-dekoracijas","9":"first","10":"outofstock","11":"sale","12":"taxable","13":"shipping-taxable","14":"purchasable","15":"product-type-simple"},"jetpack_sharing_enabled":true,"_links":{"self":[{"href":"https:\/\/ddt.lv\/lv\/wp-json\/wp\/v2\/product\/29851"}],"collection":[{"href":"https:\/\/ddt.lv\/lv\/wp-json\/wp\/v2\/product"}],"about":[{"href":"https:\/\/ddt.lv\/lv\/wp-json\/wp\/v2\/types\/product"}],"replies":[{"embeddable":true,"href":"https:\/\/ddt.lv\/lv\/wp-json\/wp\/v2\/comments?post=29851"}],"wp:featuredmedia":[{"embeddable":true,"href":"https:\/\/ddt.lv\/lv\/wp-json\/wp\/v2\/media\/30496"}],"wp:attachment":[{"href":"https:\/\/ddt.lv\/lv\/wp-json\/wp\/v2\/media?parent=29851"}],"wp:term":[{"taxonomy":"product_cat","embeddable":true,"href":"https:\/\/ddt.lv\/lv\/wp-json\/wp\/v2\/product_cat?post=29851"},{"taxonomy":"product_tag","embeddable":true,"href":"https:\/\/ddt.lv\/lv\/wp-json\/wp\/v2\/product_tag?post=29851"},{"taxonomy":"yst_prominent_words","embeddable":true,"href":"https:\/\/ddt.lv\/lv\/wp-json\/wp\/v2\/yst_prominent_words?post=29851"}],"curies":[{"name":"wp","href":"https:\/\/api.w.org\/{rel}","templated":true}]}}