{"id":29847,"date":"2021-11-25T12:10:28","date_gmt":"2021-11-25T10:10:28","guid":{"rendered":"https:\/\/ddt.lv\/lv\/product\/tejassvece-6led-0-06w-balta-1xcr2032-vintag-ip20-iep-6gab-emos\/"},"modified":"2026-04-01T00:21:14","modified_gmt":"2026-03-31T21:21:14","slug":"tejassvece-6led-0-06w-balta-1xcr2032-vintag-ip20-iep-6gab-emos","status":"publish","type":"product","link":"https:\/\/ddt.lv\/lv\/product\/tejassvece-6led-0-06w-balta-1xcr2032-vintag-ip20-iep-6gab-emos\/","title":{"rendered":"T\u0113jassvece 6LED 0.06W balta (1xCR2032) Vintag IP20 (iep.6gab.) EMOS"},"content":{"rendered":"<p>svece.<br \/>\nvintage gai\u0161a kr\u0101sa.<br \/>\nizm\u0113rs 3,8 \u00d7 3,8 cm<br \/>\nlieto\u0161anai iek\u0161telp\u0101s.<br \/>\n (6 \u00d7 CR2032).<br \/>\nLED apgaismojuma avots.<br \/>\ngaismas dio\u017eu skaits 6 \u00d7 1.<br \/>\nstr\u0101vas pat\u0113ri\u0146\u0161 0,06 W.<br \/>\nizejas spriegums 1,5 V DC.<br \/>\nIP20 aizsardz\u012bba.<br \/>\nkalpo\u0161anas laiks 10 000 stundas,<br \/>\nplastmasas materi\u0101ls .<\/p>","protected":false},"excerpt":{"rendered":"<p>svece. vintage gai\u0161a kr\u0101sa. izm\u0113rs 3,8 \u00d7 3,8 cm lieto\u0161anai iek\u0161telp\u0101s. (6 \u00d7 CR2032). LED apgaismojuma avots. gaismas dio\u017eu skaits 6 \u00d7 1. str\u0101vas pat\u0113ri\u0146\u0161 0,06 W. izejas spriegums 1,5 V DC. IP20 aizsardz\u012bba. kalpo\u0161anas laiks 10 000 stundas, plastmasas materi\u0101ls .<\/p>\n","protected":false},"featured_media":30524,"comment_status":"closed","ping_status":"closed","template":"","meta":{"inline_featured_image":false},"product_cat":[913],"product_tag":[],"yst_prominent_words":[],"class_list":{"0":"post-29847","1":"product","2":"type-product","3":"status-publish","4":"has-post-thumbnail","6":"product_cat-iekstelpu-dekori-led-virtenes-un-dekoracijas","8":"first","9":"instock","10":"taxable","11":"shipping-taxable","12":"purchasable","13":"product-type-simple"},"jetpack_sharing_enabled":true,"_links":{"self":[{"href":"https:\/\/ddt.lv\/lv\/wp-json\/wp\/v2\/product\/29847"}],"collection":[{"href":"https:\/\/ddt.lv\/lv\/wp-json\/wp\/v2\/product"}],"about":[{"href":"https:\/\/ddt.lv\/lv\/wp-json\/wp\/v2\/types\/product"}],"replies":[{"embeddable":true,"href":"https:\/\/ddt.lv\/lv\/wp-json\/wp\/v2\/comments?post=29847"}],"wp:featuredmedia":[{"embeddable":true,"href":"https:\/\/ddt.lv\/lv\/wp-json\/wp\/v2\/media\/30524"}],"wp:attachment":[{"href":"https:\/\/ddt.lv\/lv\/wp-json\/wp\/v2\/media?parent=29847"}],"wp:term":[{"taxonomy":"product_cat","embeddable":true,"href":"https:\/\/ddt.lv\/lv\/wp-json\/wp\/v2\/product_cat?post=29847"},{"taxonomy":"product_tag","embeddable":true,"href":"https:\/\/ddt.lv\/lv\/wp-json\/wp\/v2\/product_tag?post=29847"},{"taxonomy":"yst_prominent_words","embeddable":true,"href":"https:\/\/ddt.lv\/lv\/wp-json\/wp\/v2\/yst_prominent_words?post=29847"}],"curies":[{"name":"wp","href":"https:\/\/api.w.org\/{rel}","templated":true}]}}