{"id":29846,"date":"2021-11-25T12:10:28","date_gmt":"2021-11-25T10:10:28","guid":{"rendered":"https:\/\/ddt.lv\/lv\/product\/sveces-3led-0-06w-3-gab-vintag-ip20-9xaa-taimers-pults-emos\/"},"modified":"2026-04-01T00:21:14","modified_gmt":"2026-03-31T21:21:14","slug":"sveces-3led-0-06w-3-gab-vintag-ip20-9xaa-taimers-pults-emos","status":"publish","type":"product","link":"https:\/\/ddt.lv\/lv\/product\/sveces-3led-0-06w-3-gab-vintag-ip20-9xaa-taimers-pults-emos\/","title":{"rendered":"Sveces 3LED 0.06W (3.gab.) Vintag IP20 (9xAA)+taimers, pults EMOS"},"content":{"rendered":"<p>svece.<br \/>\nvintage gai\u0161a kr\u0101sa.<br \/>\nizm\u0113rs 7,5 \u00d7 10 \/ 12,5 \/ 15 cm.<br \/>\nlieto\u0161anai iek\u0161telp\u0101s.<br \/>\ntaimeris .<br \/>\nt\u0101lvad\u012bbas pults . (CR2032).<br \/>\n(9 \u00d7 AAA).<br \/>\nLED apgaismojuma avots.<br \/>\ngaismas dio\u017eu skaits 3 \u00d7 1.<br \/>\nstr\u0101vas pat\u0113ri\u0146\u0161 0,06 W.<br \/>\nizejas spriegums 4,5 V DC.<br \/>\nIP20 aizsardz\u012bba.<br \/>\nkalpo\u0161anas laiks 10 000 stundas.<br \/>\nmateri\u0101la vasks .<\/p>","protected":false},"excerpt":{"rendered":"<p>svece. vintage gai\u0161a kr\u0101sa. izm\u0113rs 7,5 \u00d7 10 \/ 12,5 \/ 15 cm. lieto\u0161anai iek\u0161telp\u0101s. taimeris . t\u0101lvad\u012bbas pults . (CR2032). (9 \u00d7 AAA). LED apgaismojuma avots. gaismas dio\u017eu skaits 3 \u00d7 1. str\u0101vas pat\u0113ri\u0146\u0161 0,06 W. izejas spriegums 4,5 V DC. IP20 aizsardz\u012bba. kalpo\u0161anas laiks 10 000 stundas. materi\u0101la vasks .<\/p>\n","protected":false},"featured_media":30528,"comment_status":"closed","ping_status":"closed","template":"","meta":{"inline_featured_image":false},"product_cat":[913],"product_tag":[],"yst_prominent_words":[],"class_list":{"0":"post-29846","1":"product","2":"type-product","3":"status-publish","4":"has-post-thumbnail","6":"product_cat-iekstelpu-dekori-led-virtenes-un-dekoracijas","8":"first","9":"outofstock","10":"taxable","11":"shipping-taxable","12":"purchasable","13":"product-type-simple"},"jetpack_sharing_enabled":true,"_links":{"self":[{"href":"https:\/\/ddt.lv\/lv\/wp-json\/wp\/v2\/product\/29846"}],"collection":[{"href":"https:\/\/ddt.lv\/lv\/wp-json\/wp\/v2\/product"}],"about":[{"href":"https:\/\/ddt.lv\/lv\/wp-json\/wp\/v2\/types\/product"}],"replies":[{"embeddable":true,"href":"https:\/\/ddt.lv\/lv\/wp-json\/wp\/v2\/comments?post=29846"}],"wp:featuredmedia":[{"embeddable":true,"href":"https:\/\/ddt.lv\/lv\/wp-json\/wp\/v2\/media\/30528"}],"wp:attachment":[{"href":"https:\/\/ddt.lv\/lv\/wp-json\/wp\/v2\/media?parent=29846"}],"wp:term":[{"taxonomy":"product_cat","embeddable":true,"href":"https:\/\/ddt.lv\/lv\/wp-json\/wp\/v2\/product_cat?post=29846"},{"taxonomy":"product_tag","embeddable":true,"href":"https:\/\/ddt.lv\/lv\/wp-json\/wp\/v2\/product_tag?post=29846"},{"taxonomy":"yst_prominent_words","embeddable":true,"href":"https:\/\/ddt.lv\/lv\/wp-json\/wp\/v2\/yst_prominent_words?post=29846"}],"curies":[{"name":"wp","href":"https:\/\/api.w.org\/{rel}","templated":true}]}}