{"id":29843,"date":"2021-11-25T12:10:27","date_gmt":"2021-11-25T10:10:27","guid":{"rendered":"https:\/\/ddt.lv\/lv\/product\/dekors-ziemassvetku-zvaigzne-papira-o60cm-e14-max-25w-vads-3-2m-zala-emos\/"},"modified":"2026-04-06T11:01:17","modified_gmt":"2026-04-06T08:01:17","slug":"dekors-ziemassvetku-zvaigzne-papira-o60cm-e14-max-25w-vads-3-2m-zala-emos","status":"publish","type":"product","link":"https:\/\/ddt.lv\/lv\/product\/dekors-ziemassvetku-zvaigzne-papira-o60cm-e14-max-25w-vads-3-2m-zala-emos\/","title":{"rendered":"Dekors Ziemassv\u0113tku ZVAIGZNE pap\u012bra \u00f860cm E14 max 25w vads 3.2m za\u013ca EMOS"},"content":{"rendered":"<p>zvaigzne.<br \/>\nizm\u0113rs 60 cm.<br \/>\nlieto\u0161anai iek\u0161telp\u0101s.<br \/>\napgaismojuma avots E14.<br \/>\niepl\u016bdes garums 3,2 m.<br \/>\nstieples kr\u0101sa balta.<br \/>\nieejas spriegums 230 V mai\u0146str\u0101va.<br \/>\nIP20 aizsardz\u012bba.<br \/>\npap\u012bra materi\u0101ls .<\/p>","protected":false},"excerpt":{"rendered":"<p>zvaigzne. izm\u0113rs 60 cm. lieto\u0161anai iek\u0161telp\u0101s. apgaismojuma avots E14. iepl\u016bdes garums 3,2 m. stieples kr\u0101sa balta. ieejas spriegums 230 V mai\u0146str\u0101va. IP20 aizsardz\u012bba. pap\u012bra materi\u0101ls .<\/p>\n","protected":false},"featured_media":30537,"comment_status":"closed","ping_status":"closed","template":"","meta":{"inline_featured_image":false},"product_cat":[913],"product_tag":[],"yst_prominent_words":[],"class_list":{"0":"post-29843","1":"product","2":"type-product","3":"status-publish","4":"has-post-thumbnail","6":"product_cat-iekstelpu-dekori-led-virtenes-un-dekoracijas","8":"first","9":"outofstock","10":"taxable","11":"shipping-taxable","12":"purchasable","13":"product-type-simple"},"jetpack_sharing_enabled":true,"_links":{"self":[{"href":"https:\/\/ddt.lv\/lv\/wp-json\/wp\/v2\/product\/29843"}],"collection":[{"href":"https:\/\/ddt.lv\/lv\/wp-json\/wp\/v2\/product"}],"about":[{"href":"https:\/\/ddt.lv\/lv\/wp-json\/wp\/v2\/types\/product"}],"replies":[{"embeddable":true,"href":"https:\/\/ddt.lv\/lv\/wp-json\/wp\/v2\/comments?post=29843"}],"wp:featuredmedia":[{"embeddable":true,"href":"https:\/\/ddt.lv\/lv\/wp-json\/wp\/v2\/media\/30537"}],"wp:attachment":[{"href":"https:\/\/ddt.lv\/lv\/wp-json\/wp\/v2\/media?parent=29843"}],"wp:term":[{"taxonomy":"product_cat","embeddable":true,"href":"https:\/\/ddt.lv\/lv\/wp-json\/wp\/v2\/product_cat?post=29843"},{"taxonomy":"product_tag","embeddable":true,"href":"https:\/\/ddt.lv\/lv\/wp-json\/wp\/v2\/product_tag?post=29843"},{"taxonomy":"yst_prominent_words","embeddable":true,"href":"https:\/\/ddt.lv\/lv\/wp-json\/wp\/v2\/yst_prominent_words?post=29843"}],"curies":[{"name":"wp","href":"https:\/\/api.w.org\/{rel}","templated":true}]}}