{"id":29838,"date":"2021-11-25T12:10:25","date_gmt":"2021-11-25T10:10:25","guid":{"rendered":"https:\/\/ddt.lv\/lv\/product\/svecturis-ziemassvetku-balts-10led-0-6w-ip20-taimeris-20x24-5cm3xaa-emos\/"},"modified":"2026-04-01T00:21:13","modified_gmt":"2026-03-31T21:21:13","slug":"svecturis-ziemassvetku-balts-10led-0-6w-ip20-taimeris-20x24-5cm3xaa-emos","status":"publish","type":"product","link":"https:\/\/ddt.lv\/lv\/product\/svecturis-ziemassvetku-balts-10led-0-6w-ip20-taimeris-20x24-5cm3xaa-emos\/","title":{"rendered":"Sve\u010dturis Ziemassv\u0113tku balts 10LED 0.6W IP20 +Taimeris 20&#215;24.5cm(3xAA) EMOS"},"content":{"rendered":"<p>sve\u010dturis.<br \/>\ngaismas kr\u0101sa silti balta.<br \/>\nizm\u0113rs 20 \u00d7 24,5 cm.<br \/>\nlieto\u0161anai iek\u0161telp\u0101s.<br \/>\ntaimeris.<br \/>\n(3 \u00d7 AA).<br \/>\nLED apgaismojuma avots.<br \/>\nLED skaits 10.<br \/>\nstr\u0101vas pat\u0113ri\u0146\u0161 0,6 W.<br \/>\nizejas spriegums 4,5 V DC.<br \/>\nIP20 aizsardz\u012bba .<\/p>","protected":false},"excerpt":{"rendered":"<p>sve\u010dturis. gaismas kr\u0101sa silti balta. izm\u0113rs 20 \u00d7 24,5 cm. lieto\u0161anai iek\u0161telp\u0101s. taimeris. (3 \u00d7 AA). LED apgaismojuma avots. LED skaits 10. str\u0101vas pat\u0113ri\u0146\u0161 0,6 W. izejas spriegums 4,5 V DC. IP20 aizsardz\u012bba .<\/p>\n","protected":false},"featured_media":30558,"comment_status":"closed","ping_status":"closed","template":"","meta":{"inline_featured_image":false},"product_cat":[772,913],"product_tag":[],"yst_prominent_words":[],"class_list":{"0":"post-29838","1":"product","2":"type-product","3":"status-publish","4":"has-post-thumbnail","6":"product_cat-atlaides","7":"product_cat-iekstelpu-dekori-led-virtenes-un-dekoracijas","9":"first","10":"instock","11":"sale","12":"taxable","13":"shipping-taxable","14":"purchasable","15":"product-type-simple"},"jetpack_sharing_enabled":true,"_links":{"self":[{"href":"https:\/\/ddt.lv\/lv\/wp-json\/wp\/v2\/product\/29838"}],"collection":[{"href":"https:\/\/ddt.lv\/lv\/wp-json\/wp\/v2\/product"}],"about":[{"href":"https:\/\/ddt.lv\/lv\/wp-json\/wp\/v2\/types\/product"}],"replies":[{"embeddable":true,"href":"https:\/\/ddt.lv\/lv\/wp-json\/wp\/v2\/comments?post=29838"}],"wp:featuredmedia":[{"embeddable":true,"href":"https:\/\/ddt.lv\/lv\/wp-json\/wp\/v2\/media\/30558"}],"wp:attachment":[{"href":"https:\/\/ddt.lv\/lv\/wp-json\/wp\/v2\/media?parent=29838"}],"wp:term":[{"taxonomy":"product_cat","embeddable":true,"href":"https:\/\/ddt.lv\/lv\/wp-json\/wp\/v2\/product_cat?post=29838"},{"taxonomy":"product_tag","embeddable":true,"href":"https:\/\/ddt.lv\/lv\/wp-json\/wp\/v2\/product_tag?post=29838"},{"taxonomy":"yst_prominent_words","embeddable":true,"href":"https:\/\/ddt.lv\/lv\/wp-json\/wp\/v2\/yst_prominent_words?post=29838"}],"curies":[{"name":"wp","href":"https:\/\/api.w.org\/{rel}","templated":true}]}}